{"id":29579,"date":"2025-02-13T10:37:25","date_gmt":"2025-02-13T13:37:25","guid":{"rendered":"https:\/\/briganti.com.br\/reformatributaria\/?page_id=29579"},"modified":"2025-04-09T12:12:47","modified_gmt":"2025-04-09T15:12:47","slug":"zona-franca","status":"publish","type":"page","link":"https:\/\/briganti.com.br\/reformatributaria\/zona-franca\/","title":{"rendered":"Zona Franca"},"content":{"rendered":"\t\t<div data-elementor-type=\"wp-post\" data-elementor-id=\"29579\" class=\"elementor elementor-29579\" data-elementor-post-type=\"page\">\n\t\t\t\t<div class=\"elementor-element elementor-element-96d3e34 e-con-full e-flex neuron-fixed-no e-con e-parent\" data-id=\"96d3e34\" data-element_type=\"container\" data-settings=\"{&quot;background_background&quot;:&quot;classic&quot;}\">\n\t\t<div class=\"elementor-element elementor-element-2d01701 e-flex e-con-boxed neuron-fixed-no e-con e-child\" data-id=\"2d01701\" data-element_type=\"container\">\n\t\t\t\t\t<div class=\"e-con-inner\">\n\t\t\t\t\t<\/div>\n\t\t\t\t<\/div>\n\t\t\t\t<\/div>\n\t\t<div class=\"elementor-element elementor-element-505e392 e-flex e-con-boxed neuron-fixed-no e-con e-parent\" data-id=\"505e392\" data-element_type=\"container\">\n\t\t\t\t\t<div class=\"e-con-inner\">\n\t\t<div class=\"elementor-element elementor-element-de20608 e-con-full e-flex neuron-fixed-no e-con e-child\" data-id=\"de20608\" data-element_type=\"container\">\n\t\t\t\t<div class=\"elementor-element elementor-element-f527dbc elementor-icon-list--layout-inline elementor-mobile-align-center elementor-list-item-link-full_width elementor-widget elementor-widget-icon-list\" data-id=\"f527dbc\" data-element_type=\"widget\" data-widget_type=\"icon-list.default\">\n\t\t\t\t<div class=\"elementor-widget-container\">\n\t\t\t\t\t\t\t<ul class=\"elementor-icon-list-items elementor-inline-items\">\n\t\t\t\t\t\t\t<li class=\"elementor-icon-list-item elementor-inline-item\">\n\t\t\t\t\t\t\t\t\t\t\t<a href=\"https:\/\/briganti.com.br\/reformatributaria\/\">\n\n\t\t\t\t\t\t\t\t\t\t\t<span class=\"elementor-icon-list-text\">Voltar<\/span>\n\t\t\t\t\t\t\t\t\t\t\t<\/a>\n\t\t\t\t\t\t\t\t\t<\/li>\n\t\t\t\t\t\t\t\t<li class=\"elementor-icon-list-item elementor-inline-item\">\n\t\t\t\t\t\t\t\t\t\t\t<a href=\"#\">\n\n\t\t\t\t\t\t\t\t\t\t\t<span class=\"elementor-icon-list-text\"><\/span>\n\t\t\t\t\t\t\t\t\t\t\t<\/a>\n\t\t\t\t\t\t\t\t\t<\/li>\n\t\t\t\t\t\t<\/ul>\n\t\t\t\t\t\t<\/div>\n\t\t\t\t<\/div>\n\t\t\t\t<\/div>\n\t\t\t\t\t<\/div>\n\t\t\t\t<\/div>\n\t\t<div class=\"elementor-element elementor-element-cd127eb e-grid e-con-boxed neuron-fixed-no e-con e-parent\" data-id=\"cd127eb\" data-element_type=\"container\">\n\t\t\t\t\t<div class=\"e-con-inner\">\n\t\t\t\t<div class=\"elementor-element elementor-element-dc44155 elementor-widget elementor-widget-heading\" data-id=\"dc44155\" data-element_type=\"widget\" data-widget_type=\"heading.default\">\n\t\t\t\t<div class=\"elementor-widget-container\">\n\t\t\t\t\t<h2 class=\"elementor-heading-title elementor-size-default\">ZONA FRANCA<\/h2>\t\t\t\t<\/div>\n\t\t\t\t<\/div>\n\t\t\t\t<div class=\"elementor-element elementor-element-87782b2 elementor-widget elementor-widget-text-editor\" data-id=\"87782b2\" data-element_type=\"widget\" data-widget_type=\"text-editor.default\">\n\t\t\t\t<div class=\"elementor-widget-container\">\n\t\t\t\t\t\t\t\t\t<p>A Zona Franca de Manaus (ZFM) e as \u00c1reas de Livre Com\u00e9rcio (ALCs) que, ao longo de d\u00e9cadas, t\u00eam promovido a industrializa\u00e7\u00e3o, a gera\u00e7\u00e3o de empregos e a preserva\u00e7\u00e3o ambiental na Regi\u00e3o Norte do pa\u00eds, foram pauta de muitas discuss\u00f5es durante a aprova\u00e7\u00e3o do Projeto de Lei que resultou na Lei Complementar 214\/2025, que regulamenta a Reforma Tribut\u00e1ria.<br \/><br \/>Os incentivos fiscais voltados para estes Polos Industriais foram alguns dos poucos que restaram preservados com a Reforma, o que trouxe extenso debate \u00e0 mesa.<br \/><br \/>Confira em nosso eBook anexo, o que o nosso time de especialistas apurou sobre o futuro da ZFM e das ALCs, sob o contexto da Reforma Tribut\u00e1ria.<\/p>\t\t\t\t\t\t\t\t<\/div>\n\t\t\t\t<\/div>\n\t\t\t\t\t<\/div>\n\t\t\t\t<\/div>\n\t\t<div class=\"elementor-element elementor-element-d6fc670 e-flex e-con-boxed neuron-fixed-no e-con e-parent\" data-id=\"d6fc670\" data-element_type=\"container\">\n\t\t\t\t\t<div class=\"e-con-inner\">\n\t\t<div class=\"elementor-element elementor-element-5fe4b76 e-con-full e-flex neuron-fixed-no e-con e-child\" data-id=\"5fe4b76\" data-element_type=\"container\">\n\t\t\t\t<div class=\"elementor-element elementor-element-c0ee089 elementor-widget elementor-widget-image\" data-id=\"c0ee089\" data-element_type=\"widget\" data-widget_type=\"image.default\">\n\t\t\t\t<div class=\"elementor-widget-container\">\n\t\t\t\t\t\t\t\t\t\t\t\t\t\t\t\t<a href=\"https:\/\/briganti.com.br\/reformatributaria\/wp-content\/uploads\/2025\/03\/BRIGANTI_Setores-ZFM-ALCs.pdf\" target=\"_blank\">\n\t\t\t\t\t\t\t<img fetchpriority=\"high\" decoding=\"async\" width=\"768\" height=\"579\" src=\"https:\/\/briganti.com.br\/reformatributaria\/wp-content\/uploads\/2025\/04\/Zona-franca-768x579.png\" class=\"attachment-medium_large size-medium_large wp-image-30194\" alt=\"\" srcset=\"https:\/\/briganti.com.br\/reformatributaria\/wp-content\/uploads\/2025\/04\/Zona-franca-768x579.png 768w, https:\/\/briganti.com.br\/reformatributaria\/wp-content\/uploads\/2025\/04\/Zona-franca-300x226.png 300w, https:\/\/briganti.com.br\/reformatributaria\/wp-content\/uploads\/2025\/04\/Zona-franca-1024x773.png 1024w, https:\/\/briganti.com.br\/reformatributaria\/wp-content\/uploads\/2025\/04\/Zona-franca-1536x1159.png 1536w, https:\/\/briganti.com.br\/reformatributaria\/wp-content\/uploads\/2025\/04\/Zona-franca-600x453.png 600w, https:\/\/briganti.com.br\/reformatributaria\/wp-content\/uploads\/2025\/04\/Zona-franca.png 1988w\" sizes=\"(max-width: 768px) 100vw, 768px\" \/>\t\t\t\t\t\t\t\t<\/a>\n\t\t\t\t\t\t\t\t\t\t\t\t\t\t\t<\/div>\n\t\t\t\t<\/div>\n\t\t\t\t<\/div>\n\t\t<div class=\"elementor-element elementor-element-5abaed2 e-con-full e-flex neuron-fixed-no e-con e-child\" data-id=\"5abaed2\" data-element_type=\"container\">\n\t\t\t\t<\/div>\n\t\t\t\t\t<\/div>\n\t\t\t\t<\/div>\n\t\t\t\t<\/div>\n\t\t","protected":false},"excerpt":{"rendered":"<p>Voltar ZONA FRANCA A Zona Franca de Manaus (ZFM) e as \u00c1reas de Livre Com\u00e9rcio (ALCs) que, ao longo de d\u00e9cadas, t\u00eam promovido a industrializa\u00e7\u00e3o, a gera\u00e7\u00e3o de empregos e a preserva\u00e7\u00e3o ambiental na Regi\u00e3o Norte do pa\u00eds, foram pauta de muitas discuss\u00f5es durante a aprova\u00e7\u00e3o do Projeto de Lei que resultou na Lei Complementar [&hellip;]<\/p>\n","protected":false},"author":1,"featured_media":0,"parent":0,"menu_order":7,"comment_status":"closed","ping_status":"closed","template":"","meta":{"_acf_changed":false,"footnotes":""},"class_list":["post-29579","page","type-page","status-publish","hentry"],"acf":[],"_links":{"self":[{"href":"https:\/\/briganti.com.br\/reformatributaria\/wp-json\/wp\/v2\/pages\/29579","targetHints":{"allow":["GET"]}}],"collection":[{"href":"https:\/\/briganti.com.br\/reformatributaria\/wp-json\/wp\/v2\/pages"}],"about":[{"href":"https:\/\/briganti.com.br\/reformatributaria\/wp-json\/wp\/v2\/types\/page"}],"author":[{"embeddable":true,"href":"https:\/\/briganti.com.br\/reformatributaria\/wp-json\/wp\/v2\/users\/1"}],"replies":[{"embeddable":true,"href":"https:\/\/briganti.com.br\/reformatributaria\/wp-json\/wp\/v2\/comments?post=29579"}],"version-history":[{"count":31,"href":"https:\/\/briganti.com.br\/reformatributaria\/wp-json\/wp\/v2\/pages\/29579\/revisions"}],"predecessor-version":[{"id":30218,"href":"https:\/\/briganti.com.br\/reformatributaria\/wp-json\/wp\/v2\/pages\/29579\/revisions\/30218"}],"wp:attachment":[{"href":"https:\/\/briganti.com.br\/reformatributaria\/wp-json\/wp\/v2\/media?parent=29579"}],"curies":[{"name":"wp","href":"https:\/\/api.w.org\/{rel}","templated":true}]}}