{"id":29571,"date":"2025-02-13T10:34:46","date_gmt":"2025-02-13T13:34:46","guid":{"rendered":"https:\/\/briganti.com.br\/reformatributaria\/?page_id=29571"},"modified":"2025-04-09T12:11:53","modified_gmt":"2025-04-09T15:11:53","slug":"turismo","status":"publish","type":"page","link":"https:\/\/briganti.com.br\/reformatributaria\/turismo\/","title":{"rendered":"Turismo"},"content":{"rendered":"\t\t<div data-elementor-type=\"wp-post\" data-elementor-id=\"29571\" class=\"elementor elementor-29571\" data-elementor-post-type=\"page\">\n\t\t\t\t<div class=\"elementor-element elementor-element-96d3e34 e-con-full e-flex neuron-fixed-no e-con e-parent\" data-id=\"96d3e34\" data-element_type=\"container\" data-settings=\"{&quot;background_background&quot;:&quot;classic&quot;}\">\n\t\t<div class=\"elementor-element elementor-element-2d01701 e-flex e-con-boxed neuron-fixed-no e-con e-child\" data-id=\"2d01701\" data-element_type=\"container\">\n\t\t\t\t\t<div class=\"e-con-inner\">\n\t\t\t\t\t<\/div>\n\t\t\t\t<\/div>\n\t\t\t\t<\/div>\n\t\t<div class=\"elementor-element elementor-element-d11c81c e-flex e-con-boxed neuron-fixed-no e-con e-parent\" data-id=\"d11c81c\" data-element_type=\"container\">\n\t\t\t\t\t<div class=\"e-con-inner\">\n\t\t<div class=\"elementor-element elementor-element-4a4da34 e-con-full e-flex neuron-fixed-no e-con e-child\" data-id=\"4a4da34\" data-element_type=\"container\">\n\t\t\t\t<div class=\"elementor-element elementor-element-da0e295 elementor-icon-list--layout-inline elementor-mobile-align-center elementor-list-item-link-full_width elementor-widget elementor-widget-icon-list\" data-id=\"da0e295\" data-element_type=\"widget\" data-widget_type=\"icon-list.default\">\n\t\t\t\t<div class=\"elementor-widget-container\">\n\t\t\t\t\t\t\t<ul class=\"elementor-icon-list-items elementor-inline-items\">\n\t\t\t\t\t\t\t<li class=\"elementor-icon-list-item elementor-inline-item\">\n\t\t\t\t\t\t\t\t\t\t\t<a href=\"https:\/\/briganti.com.br\/reformatributaria\/\">\n\n\t\t\t\t\t\t\t\t\t\t\t<span class=\"elementor-icon-list-text\">Voltar<\/span>\n\t\t\t\t\t\t\t\t\t\t\t<\/a>\n\t\t\t\t\t\t\t\t\t<\/li>\n\t\t\t\t\t\t\t\t<li class=\"elementor-icon-list-item elementor-inline-item\">\n\t\t\t\t\t\t\t\t\t\t\t<a href=\"#\">\n\n\t\t\t\t\t\t\t\t\t\t\t<span class=\"elementor-icon-list-text\"><\/span>\n\t\t\t\t\t\t\t\t\t\t\t<\/a>\n\t\t\t\t\t\t\t\t\t<\/li>\n\t\t\t\t\t\t<\/ul>\n\t\t\t\t\t\t<\/div>\n\t\t\t\t<\/div>\n\t\t\t\t<\/div>\n\t\t\t\t\t<\/div>\n\t\t\t\t<\/div>\n\t\t<div class=\"elementor-element elementor-element-cd127eb e-grid e-con-boxed neuron-fixed-no e-con e-parent\" data-id=\"cd127eb\" data-element_type=\"container\">\n\t\t\t\t\t<div class=\"e-con-inner\">\n\t\t\t\t<div class=\"elementor-element elementor-element-dc44155 elementor-widget elementor-widget-heading\" data-id=\"dc44155\" data-element_type=\"widget\" data-widget_type=\"heading.default\">\n\t\t\t\t<div class=\"elementor-widget-container\">\n\t\t\t\t\t<h2 class=\"elementor-heading-title elementor-size-default\">TURISMO<\/h2>\t\t\t\t<\/div>\n\t\t\t\t<\/div>\n\t\t\t\t<div class=\"elementor-element elementor-element-87782b2 elementor-widget elementor-widget-text-editor\" data-id=\"87782b2\" data-element_type=\"widget\" data-widget_type=\"text-editor.default\">\n\t\t\t\t<div class=\"elementor-widget-container\">\n\t\t\t\t\t\t\t\t\t<p>O turismo no Brasil enfrenta grandes desafios, como a infraestrutura prec\u00e1ria, a burocracia excessiva, al\u00e9m de um sistema tribut\u00e1rio complexo e oneroso.<br \/><br \/>Com uma vasta gama de atrativos naturais e culturais, o Brasil possui um enorme potencial tur\u00edstico ainda pouco explorado, que merece um olhar mais cuidadoso, para que se possa impulsionar o desenvolvimento econ\u00f4mico e social de diversas regi\u00f5es.<br \/><br \/>Nesse contexto, a Reforma Tribut\u00e1ria, amplamente debatida no Brasil, surge como uma oportunidade de moderniza\u00e7\u00e3o do sistema tribut\u00e1rio, e pretende promover um ambiente mais favor\u00e1vel ao desenvolvimento do turismo do Pa\u00eds, tanto pela simplifica\u00e7\u00e3o dos impostos, quanto por algumas previs\u00f5es espec\u00edficas, como a cria\u00e7\u00e3o do Tax Free.<br \/><br \/>Confira em nosso eBook o que se espera das altera\u00e7\u00f5es previstas para o Setor.<\/p>\t\t\t\t\t\t\t\t<\/div>\n\t\t\t\t<\/div>\n\t\t\t\t\t<\/div>\n\t\t\t\t<\/div>\n\t\t<div class=\"elementor-element elementor-element-5f2a9da e-flex e-con-boxed neuron-fixed-no e-con e-parent\" data-id=\"5f2a9da\" data-element_type=\"container\">\n\t\t\t\t\t<div class=\"e-con-inner\">\n\t\t<div class=\"elementor-element elementor-element-5dc6500 e-con-full e-flex neuron-fixed-no e-con e-child\" data-id=\"5dc6500\" data-element_type=\"container\">\n\t\t\t\t<div class=\"elementor-element elementor-element-29fd685 elementor-widget elementor-widget-image\" data-id=\"29fd685\" data-element_type=\"widget\" data-widget_type=\"image.default\">\n\t\t\t\t<div class=\"elementor-widget-container\">\n\t\t\t\t\t\t\t\t\t\t\t\t\t\t\t\t<a href=\"https:\/\/briganti.com.br\/reformatributaria\/wp-content\/uploads\/2025\/04\/BRIGANTI_Turimos-Bares_V2.pdf\" target=\"_blank\">\n\t\t\t\t\t\t\t<img fetchpriority=\"high\" decoding=\"async\" width=\"768\" height=\"579\" src=\"https:\/\/briganti.com.br\/reformatributaria\/wp-content\/uploads\/2025\/04\/Turismo-768x579.png\" class=\"attachment-medium_large size-medium_large wp-image-30195\" alt=\"\" srcset=\"https:\/\/briganti.com.br\/reformatributaria\/wp-content\/uploads\/2025\/04\/Turismo-768x579.png 768w, https:\/\/briganti.com.br\/reformatributaria\/wp-content\/uploads\/2025\/04\/Turismo-300x226.png 300w, https:\/\/briganti.com.br\/reformatributaria\/wp-content\/uploads\/2025\/04\/Turismo-1024x773.png 1024w, https:\/\/briganti.com.br\/reformatributaria\/wp-content\/uploads\/2025\/04\/Turismo-1536x1159.png 1536w, https:\/\/briganti.com.br\/reformatributaria\/wp-content\/uploads\/2025\/04\/Turismo-600x453.png 600w, https:\/\/briganti.com.br\/reformatributaria\/wp-content\/uploads\/2025\/04\/Turismo.png 1988w\" sizes=\"(max-width: 768px) 100vw, 768px\" \/>\t\t\t\t\t\t\t\t<\/a>\n\t\t\t\t\t\t\t\t\t\t\t\t\t\t\t<\/div>\n\t\t\t\t<\/div>\n\t\t\t\t<\/div>\n\t\t<div class=\"elementor-element elementor-element-58d36bc e-con-full e-flex neuron-fixed-no e-con e-child\" data-id=\"58d36bc\" data-element_type=\"container\">\n\t\t\t\t<\/div>\n\t\t\t\t\t<\/div>\n\t\t\t\t<\/div>\n\t\t\t\t<\/div>\n\t\t","protected":false},"excerpt":{"rendered":"<p>Voltar TURISMO O turismo no Brasil enfrenta grandes desafios, como a infraestrutura prec\u00e1ria, a burocracia excessiva, al\u00e9m de um sistema tribut\u00e1rio complexo e oneroso. Com uma vasta gama de atrativos naturais e culturais, o Brasil possui um enorme potencial tur\u00edstico ainda pouco explorado, que merece um olhar mais cuidadoso, para que se possa impulsionar o [&hellip;]<\/p>\n","protected":false},"author":1,"featured_media":0,"parent":0,"menu_order":7,"comment_status":"closed","ping_status":"closed","template":"","meta":{"_acf_changed":false,"footnotes":""},"class_list":["post-29571","page","type-page","status-publish","hentry"],"acf":[],"_links":{"self":[{"href":"https:\/\/briganti.com.br\/reformatributaria\/wp-json\/wp\/v2\/pages\/29571","targetHints":{"allow":["GET"]}}],"collection":[{"href":"https:\/\/briganti.com.br\/reformatributaria\/wp-json\/wp\/v2\/pages"}],"about":[{"href":"https:\/\/briganti.com.br\/reformatributaria\/wp-json\/wp\/v2\/types\/page"}],"author":[{"embeddable":true,"href":"https:\/\/briganti.com.br\/reformatributaria\/wp-json\/wp\/v2\/users\/1"}],"replies":[{"embeddable":true,"href":"https:\/\/briganti.com.br\/reformatributaria\/wp-json\/wp\/v2\/comments?post=29571"}],"version-history":[{"count":31,"href":"https:\/\/briganti.com.br\/reformatributaria\/wp-json\/wp\/v2\/pages\/29571\/revisions"}],"predecessor-version":[{"id":30215,"href":"https:\/\/briganti.com.br\/reformatributaria\/wp-json\/wp\/v2\/pages\/29571\/revisions\/30215"}],"wp:attachment":[{"href":"https:\/\/briganti.com.br\/reformatributaria\/wp-json\/wp\/v2\/media?parent=29571"}],"curies":[{"name":"wp","href":"https:\/\/api.w.org\/{rel}","templated":true}]}}