{"id":29555,"date":"2025-02-13T10:30:42","date_gmt":"2025-02-13T13:30:42","guid":{"rendered":"https:\/\/briganti.com.br\/reformatributaria\/?page_id=29555"},"modified":"2025-04-09T11:48:01","modified_gmt":"2025-04-09T14:48:01","slug":"saude","status":"publish","type":"page","link":"https:\/\/briganti.com.br\/reformatributaria\/saude\/","title":{"rendered":"Sa\u00fade"},"content":{"rendered":"\t\t<div data-elementor-type=\"wp-post\" data-elementor-id=\"29555\" class=\"elementor elementor-29555\" data-elementor-post-type=\"page\">\n\t\t\t\t<div class=\"elementor-element elementor-element-96d3e34 e-con-full e-flex neuron-fixed-no e-con e-parent\" data-id=\"96d3e34\" data-element_type=\"container\" data-settings=\"{&quot;background_background&quot;:&quot;classic&quot;}\">\n\t\t<div class=\"elementor-element elementor-element-2d01701 e-flex e-con-boxed neuron-fixed-no e-con e-child\" data-id=\"2d01701\" data-element_type=\"container\">\n\t\t\t\t\t<div class=\"e-con-inner\">\n\t\t\t\t\t<\/div>\n\t\t\t\t<\/div>\n\t\t\t\t<\/div>\n\t\t<div class=\"elementor-element elementor-element-187fa27 e-flex e-con-boxed neuron-fixed-no e-con e-parent\" data-id=\"187fa27\" data-element_type=\"container\">\n\t\t\t\t\t<div class=\"e-con-inner\">\n\t\t<div class=\"elementor-element elementor-element-e4fab7b e-con-full e-flex neuron-fixed-no e-con e-child\" data-id=\"e4fab7b\" data-element_type=\"container\">\n\t\t\t\t<div class=\"elementor-element elementor-element-087ac59 elementor-icon-list--layout-inline elementor-mobile-align-center elementor-list-item-link-full_width elementor-widget elementor-widget-icon-list\" data-id=\"087ac59\" data-element_type=\"widget\" data-widget_type=\"icon-list.default\">\n\t\t\t\t<div class=\"elementor-widget-container\">\n\t\t\t\t\t\t\t<ul class=\"elementor-icon-list-items elementor-inline-items\">\n\t\t\t\t\t\t\t<li class=\"elementor-icon-list-item elementor-inline-item\">\n\t\t\t\t\t\t\t\t\t\t\t<a href=\"https:\/\/briganti.com.br\/reformatributaria\/\">\n\n\t\t\t\t\t\t\t\t\t\t\t<span class=\"elementor-icon-list-text\">Voltar<\/span>\n\t\t\t\t\t\t\t\t\t\t\t<\/a>\n\t\t\t\t\t\t\t\t\t<\/li>\n\t\t\t\t\t\t\t\t<li class=\"elementor-icon-list-item elementor-inline-item\">\n\t\t\t\t\t\t\t\t\t\t\t<a href=\"#\">\n\n\t\t\t\t\t\t\t\t\t\t\t<span class=\"elementor-icon-list-text\"><\/span>\n\t\t\t\t\t\t\t\t\t\t\t<\/a>\n\t\t\t\t\t\t\t\t\t<\/li>\n\t\t\t\t\t\t<\/ul>\n\t\t\t\t\t\t<\/div>\n\t\t\t\t<\/div>\n\t\t\t\t<\/div>\n\t\t\t\t\t<\/div>\n\t\t\t\t<\/div>\n\t\t<div class=\"elementor-element elementor-element-cd127eb e-grid e-con-boxed neuron-fixed-no e-con e-parent\" data-id=\"cd127eb\" data-element_type=\"container\">\n\t\t\t\t\t<div class=\"e-con-inner\">\n\t\t\t\t<div class=\"elementor-element elementor-element-dc44155 elementor-widget elementor-widget-heading\" data-id=\"dc44155\" data-element_type=\"widget\" data-widget_type=\"heading.default\">\n\t\t\t\t<div class=\"elementor-widget-container\">\n\t\t\t\t\t<h2 class=\"elementor-heading-title elementor-size-default\">SA\u00daDE<\/h2>\t\t\t\t<\/div>\n\t\t\t\t<\/div>\n\t\t\t\t<div class=\"elementor-element elementor-element-87782b2 elementor-widget elementor-widget-text-editor\" data-id=\"87782b2\" data-element_type=\"widget\" data-widget_type=\"text-editor.default\">\n\t\t\t\t<div class=\"elementor-widget-container\">\n\t\t\t\t\t\t\t\t\t<p>O sistema tribut\u00e1rio brasileiro, conhecido por sua complexidade e onerosidade, exerce um impacto significativo sobre o setor da Sa\u00fade. A incid\u00eancia de diversos tributos sobre a presta\u00e7\u00e3o de servi\u00e7os e a compra de equipamentos e insumos, contribui para elevar os custos e dificultar o acesso da popula\u00e7\u00e3o aos servi\u00e7os de sa\u00fade.<br \/><br \/>Nesse contexto, a Reforma Tribut\u00e1ria traz importantes mudan\u00e7as para o sistema de sa\u00fade, com a previs\u00e3o de redu\u00e7\u00e3o de tributos sobre diversos servi\u00e7os de sa\u00fade, medicamentos e itens de higiene pessoal, mas retirando diversos benef\u00edcios anteriormente previstos, o que pode gerar um efeito adverso.<br \/><br \/>Veja as principais altera\u00e7\u00f5es previstas para a \u00e1rea no eBook preparado pelo nosso time.<\/p>\t\t\t\t\t\t\t\t<\/div>\n\t\t\t\t<\/div>\n\t\t\t\t\t<\/div>\n\t\t\t\t<\/div>\n\t\t<div class=\"elementor-element elementor-element-4beaf43 e-flex e-con-boxed neuron-fixed-no e-con e-parent\" data-id=\"4beaf43\" data-element_type=\"container\">\n\t\t\t\t\t<div class=\"e-con-inner\">\n\t\t<div class=\"elementor-element elementor-element-7bd617b e-con-full e-flex neuron-fixed-no e-con e-child\" data-id=\"7bd617b\" data-element_type=\"container\">\n\t\t\t\t<div class=\"elementor-element elementor-element-9916175 elementor-widget elementor-widget-image\" data-id=\"9916175\" data-element_type=\"widget\" data-widget_type=\"image.default\">\n\t\t\t\t<div class=\"elementor-widget-container\">\n\t\t\t\t\t\t\t\t\t\t\t\t\t\t\t\t<a href=\"https:\/\/briganti.com.br\/reformatributaria\/wp-content\/uploads\/2025\/04\/BRIGANTI_Medicamentos.pdf\" target=\"_blank\">\n\t\t\t\t\t\t\t<img fetchpriority=\"high\" decoding=\"async\" width=\"768\" height=\"579\" src=\"https:\/\/briganti.com.br\/reformatributaria\/wp-content\/uploads\/2025\/04\/Medicamentos-768x579.png\" class=\"attachment-medium_large size-medium_large wp-image-30200\" alt=\"\" srcset=\"https:\/\/briganti.com.br\/reformatributaria\/wp-content\/uploads\/2025\/04\/Medicamentos-768x579.png 768w, https:\/\/briganti.com.br\/reformatributaria\/wp-content\/uploads\/2025\/04\/Medicamentos-300x226.png 300w, https:\/\/briganti.com.br\/reformatributaria\/wp-content\/uploads\/2025\/04\/Medicamentos-1024x773.png 1024w, https:\/\/briganti.com.br\/reformatributaria\/wp-content\/uploads\/2025\/04\/Medicamentos-1536x1159.png 1536w, https:\/\/briganti.com.br\/reformatributaria\/wp-content\/uploads\/2025\/04\/Medicamentos-600x453.png 600w, https:\/\/briganti.com.br\/reformatributaria\/wp-content\/uploads\/2025\/04\/Medicamentos.png 1988w\" sizes=\"(max-width: 768px) 100vw, 768px\" \/>\t\t\t\t\t\t\t\t<\/a>\n\t\t\t\t\t\t\t\t\t\t\t\t\t\t\t<\/div>\n\t\t\t\t<\/div>\n\t\t\t\t<\/div>\n\t\t<div class=\"elementor-element elementor-element-d3a80a3 e-con-full e-flex neuron-fixed-no e-con e-child\" data-id=\"d3a80a3\" data-element_type=\"container\">\n\t\t\t\t<div class=\"elementor-element elementor-element-85a74a0 elementor-widget elementor-widget-image\" data-id=\"85a74a0\" data-element_type=\"widget\" data-widget_type=\"image.default\">\n\t\t\t\t<div class=\"elementor-widget-container\">\n\t\t\t\t\t\t\t\t\t\t\t\t\t\t\t\t<a href=\"https:\/\/briganti.com.br\/reformatributaria\/wp-content\/uploads\/2025\/04\/BRIGANTI_Saude-Planos-de-saude.pdf\" target=\"_blank\">\n\t\t\t\t\t\t\t<img decoding=\"async\" width=\"768\" height=\"579\" src=\"https:\/\/briganti.com.br\/reformatributaria\/wp-content\/uploads\/2025\/04\/Planos-de-Saude-768x579.png\" class=\"attachment-medium_large size-medium_large wp-image-30198\" alt=\"\" srcset=\"https:\/\/briganti.com.br\/reformatributaria\/wp-content\/uploads\/2025\/04\/Planos-de-Saude-768x579.png 768w, https:\/\/briganti.com.br\/reformatributaria\/wp-content\/uploads\/2025\/04\/Planos-de-Saude-300x226.png 300w, https:\/\/briganti.com.br\/reformatributaria\/wp-content\/uploads\/2025\/04\/Planos-de-Saude-1024x773.png 1024w, https:\/\/briganti.com.br\/reformatributaria\/wp-content\/uploads\/2025\/04\/Planos-de-Saude-1536x1159.png 1536w, https:\/\/briganti.com.br\/reformatributaria\/wp-content\/uploads\/2025\/04\/Planos-de-Saude-600x453.png 600w, https:\/\/briganti.com.br\/reformatributaria\/wp-content\/uploads\/2025\/04\/Planos-de-Saude.png 1988w\" sizes=\"(max-width: 768px) 100vw, 768px\" \/>\t\t\t\t\t\t\t\t<\/a>\n\t\t\t\t\t\t\t\t\t\t\t\t\t\t\t<\/div>\n\t\t\t\t<\/div>\n\t\t\t\t<\/div>\n\t\t\t\t\t<\/div>\n\t\t\t\t<\/div>\n\t\t\t\t<\/div>\n\t\t","protected":false},"excerpt":{"rendered":"<p>Voltar SA\u00daDE O sistema tribut\u00e1rio brasileiro, conhecido por sua complexidade e onerosidade, exerce um impacto significativo sobre o setor da Sa\u00fade. A incid\u00eancia de diversos tributos sobre a presta\u00e7\u00e3o de servi\u00e7os e a compra de equipamentos e insumos, contribui para elevar os custos e dificultar o acesso da popula\u00e7\u00e3o aos servi\u00e7os de sa\u00fade. Nesse contexto, [&hellip;]<\/p>\n","protected":false},"author":1,"featured_media":0,"parent":0,"menu_order":7,"comment_status":"closed","ping_status":"closed","template":"","meta":{"_acf_changed":false,"footnotes":""},"class_list":["post-29555","page","type-page","status-publish","hentry"],"acf":[],"_links":{"self":[{"href":"https:\/\/briganti.com.br\/reformatributaria\/wp-json\/wp\/v2\/pages\/29555","targetHints":{"allow":["GET"]}}],"collection":[{"href":"https:\/\/briganti.com.br\/reformatributaria\/wp-json\/wp\/v2\/pages"}],"about":[{"href":"https:\/\/briganti.com.br\/reformatributaria\/wp-json\/wp\/v2\/types\/page"}],"author":[{"embeddable":true,"href":"https:\/\/briganti.com.br\/reformatributaria\/wp-json\/wp\/v2\/users\/1"}],"replies":[{"embeddable":true,"href":"https:\/\/briganti.com.br\/reformatributaria\/wp-json\/wp\/v2\/comments?post=29555"}],"version-history":[{"count":31,"href":"https:\/\/briganti.com.br\/reformatributaria\/wp-json\/wp\/v2\/pages\/29555\/revisions"}],"predecessor-version":[{"id":30207,"href":"https:\/\/briganti.com.br\/reformatributaria\/wp-json\/wp\/v2\/pages\/29555\/revisions\/30207"}],"wp:attachment":[{"href":"https:\/\/briganti.com.br\/reformatributaria\/wp-json\/wp\/v2\/media?parent=29555"}],"curies":[{"name":"wp","href":"https:\/\/api.w.org\/{rel}","templated":true}]}}