{"id":29536,"date":"2025-02-13T10:25:50","date_gmt":"2025-02-13T13:25:50","guid":{"rendered":"https:\/\/briganti.com.br\/reformatributaria\/?page_id=29536"},"modified":"2025-04-09T11:46:14","modified_gmt":"2025-04-09T14:46:14","slug":"pessoa-fisica","status":"publish","type":"page","link":"https:\/\/briganti.com.br\/reformatributaria\/pessoa-fisica\/","title":{"rendered":"Pessoa F\u00edsica"},"content":{"rendered":"\t\t<div data-elementor-type=\"wp-post\" data-elementor-id=\"29536\" class=\"elementor elementor-29536\" data-elementor-post-type=\"page\">\n\t\t\t\t<div class=\"elementor-element elementor-element-96d3e34 e-con-full e-flex neuron-fixed-no e-con e-parent\" data-id=\"96d3e34\" data-element_type=\"container\" data-settings=\"{&quot;background_background&quot;:&quot;classic&quot;}\">\n\t\t<div class=\"elementor-element elementor-element-2d01701 e-flex e-con-boxed neuron-fixed-no e-con e-child\" data-id=\"2d01701\" data-element_type=\"container\">\n\t\t\t\t\t<div class=\"e-con-inner\">\n\t\t\t\t\t<\/div>\n\t\t\t\t<\/div>\n\t\t\t\t<\/div>\n\t\t<div class=\"elementor-element elementor-element-2e86e7e e-flex e-con-boxed neuron-fixed-no e-con e-parent\" data-id=\"2e86e7e\" data-element_type=\"container\">\n\t\t\t\t\t<div class=\"e-con-inner\">\n\t\t<div class=\"elementor-element elementor-element-ca1d638 e-con-full e-flex neuron-fixed-no e-con e-child\" data-id=\"ca1d638\" data-element_type=\"container\">\n\t\t\t\t<div class=\"elementor-element elementor-element-e8170c0 elementor-icon-list--layout-inline elementor-mobile-align-center elementor-list-item-link-full_width elementor-widget elementor-widget-icon-list\" data-id=\"e8170c0\" data-element_type=\"widget\" data-widget_type=\"icon-list.default\">\n\t\t\t\t<div class=\"elementor-widget-container\">\n\t\t\t\t\t\t\t<ul class=\"elementor-icon-list-items elementor-inline-items\">\n\t\t\t\t\t\t\t<li class=\"elementor-icon-list-item elementor-inline-item\">\n\t\t\t\t\t\t\t\t\t\t\t<a href=\"https:\/\/briganti.com.br\/reformatributaria\/\">\n\n\t\t\t\t\t\t\t\t\t\t\t<span class=\"elementor-icon-list-text\">Voltar<\/span>\n\t\t\t\t\t\t\t\t\t\t\t<\/a>\n\t\t\t\t\t\t\t\t\t<\/li>\n\t\t\t\t\t\t\t\t<li class=\"elementor-icon-list-item elementor-inline-item\">\n\t\t\t\t\t\t\t\t\t\t\t<a href=\"#\">\n\n\t\t\t\t\t\t\t\t\t\t\t<span class=\"elementor-icon-list-text\"><\/span>\n\t\t\t\t\t\t\t\t\t\t\t<\/a>\n\t\t\t\t\t\t\t\t\t<\/li>\n\t\t\t\t\t\t<\/ul>\n\t\t\t\t\t\t<\/div>\n\t\t\t\t<\/div>\n\t\t\t\t<\/div>\n\t\t\t\t\t<\/div>\n\t\t\t\t<\/div>\n\t\t<div class=\"elementor-element elementor-element-cd127eb e-grid e-con-boxed neuron-fixed-no e-con e-parent\" data-id=\"cd127eb\" data-element_type=\"container\">\n\t\t\t\t\t<div class=\"e-con-inner\">\n\t\t\t\t<div class=\"elementor-element elementor-element-dc44155 elementor-widget elementor-widget-heading\" data-id=\"dc44155\" data-element_type=\"widget\" data-widget_type=\"heading.default\">\n\t\t\t\t<div class=\"elementor-widget-container\">\n\t\t\t\t\t<h2 class=\"elementor-heading-title elementor-size-default\">PESSOA F\u00cdSICA<\/h2>\t\t\t\t<\/div>\n\t\t\t\t<\/div>\n\t\t\t\t<div class=\"elementor-element elementor-element-87782b2 elementor-widget elementor-widget-text-editor\" data-id=\"87782b2\" data-element_type=\"widget\" data-widget_type=\"text-editor.default\">\n\t\t\t\t<div class=\"elementor-widget-container\">\n\t\t\t\t\t\t\t\t\t<p>Entenda as principais mudan\u00e7as da Reforma Tribut\u00e1ria que impactar\u00e3o as pessoas f\u00edsicas, como a institui\u00e7\u00e3o do cashback e a desonera\u00e7\u00e3o da cesta b\u00e1sica.<br \/><br \/>Veja no eBook preparado pelo time de especialistas do Briganti Advogados o que se pode esperar dessas novidades e quem ser\u00e1 afetado pelo novo regime tribut\u00e1rio.<\/p>\t\t\t\t\t\t\t\t<\/div>\n\t\t\t\t<\/div>\n\t\t\t\t\t<\/div>\n\t\t\t\t<\/div>\n\t\t<div class=\"elementor-element elementor-element-5010ae3 e-flex e-con-boxed neuron-fixed-no e-con e-parent\" data-id=\"5010ae3\" data-element_type=\"container\">\n\t\t\t\t\t<div class=\"e-con-inner\">\n\t\t<div class=\"elementor-element elementor-element-07df72d e-con-full e-flex neuron-fixed-no e-con e-child\" data-id=\"07df72d\" data-element_type=\"container\">\n\t\t\t\t<div class=\"elementor-element elementor-element-f4081d4 elementor-widget elementor-widget-image\" data-id=\"f4081d4\" data-element_type=\"widget\" data-widget_type=\"image.default\">\n\t\t\t\t<div class=\"elementor-widget-container\">\n\t\t\t\t\t\t\t\t\t\t\t\t\t\t\t\t<a href=\"https:\/\/briganti.com.br\/reformatributaria\/wp-content\/uploads\/2025\/04\/BRIGANTI_Pessoa-Fisica.pdf\" target=\"_blank\">\n\t\t\t\t\t\t\t<img fetchpriority=\"high\" decoding=\"async\" width=\"768\" height=\"579\" src=\"https:\/\/briganti.com.br\/reformatributaria\/wp-content\/uploads\/2025\/04\/Pessoa-Fisica-768x579.png\" class=\"attachment-medium_large size-medium_large wp-image-30201\" alt=\"\" srcset=\"https:\/\/briganti.com.br\/reformatributaria\/wp-content\/uploads\/2025\/04\/Pessoa-Fisica-768x579.png 768w, https:\/\/briganti.com.br\/reformatributaria\/wp-content\/uploads\/2025\/04\/Pessoa-Fisica-300x226.png 300w, https:\/\/briganti.com.br\/reformatributaria\/wp-content\/uploads\/2025\/04\/Pessoa-Fisica-1024x773.png 1024w, https:\/\/briganti.com.br\/reformatributaria\/wp-content\/uploads\/2025\/04\/Pessoa-Fisica-1536x1159.png 1536w, https:\/\/briganti.com.br\/reformatributaria\/wp-content\/uploads\/2025\/04\/Pessoa-Fisica-600x453.png 600w, https:\/\/briganti.com.br\/reformatributaria\/wp-content\/uploads\/2025\/04\/Pessoa-Fisica.png 1988w\" sizes=\"(max-width: 768px) 100vw, 768px\" \/>\t\t\t\t\t\t\t\t<\/a>\n\t\t\t\t\t\t\t\t\t\t\t\t\t\t\t<\/div>\n\t\t\t\t<\/div>\n\t\t\t\t<\/div>\n\t\t<div class=\"elementor-element elementor-element-16481ea e-con-full e-flex neuron-fixed-no e-con e-child\" data-id=\"16481ea\" data-element_type=\"container\">\n\t\t\t\t<\/div>\n\t\t\t\t\t<\/div>\n\t\t\t\t<\/div>\n\t\t\t\t<\/div>\n\t\t","protected":false},"excerpt":{"rendered":"<p>Voltar PESSOA F\u00cdSICA Entenda as principais mudan\u00e7as da Reforma Tribut\u00e1ria que impactar\u00e3o as pessoas f\u00edsicas, como a institui\u00e7\u00e3o do cashback e a desonera\u00e7\u00e3o da cesta b\u00e1sica. Veja no eBook preparado pelo time de especialistas do Briganti Advogados o que se pode esperar dessas novidades e quem ser\u00e1 afetado pelo novo regime tribut\u00e1rio.<\/p>\n","protected":false},"author":1,"featured_media":0,"parent":0,"menu_order":7,"comment_status":"closed","ping_status":"closed","template":"","meta":{"_acf_changed":false,"footnotes":""},"class_list":["post-29536","page","type-page","status-publish","hentry"],"acf":[],"_links":{"self":[{"href":"https:\/\/briganti.com.br\/reformatributaria\/wp-json\/wp\/v2\/pages\/29536","targetHints":{"allow":["GET"]}}],"collection":[{"href":"https:\/\/briganti.com.br\/reformatributaria\/wp-json\/wp\/v2\/pages"}],"about":[{"href":"https:\/\/briganti.com.br\/reformatributaria\/wp-json\/wp\/v2\/types\/page"}],"author":[{"embeddable":true,"href":"https:\/\/briganti.com.br\/reformatributaria\/wp-json\/wp\/v2\/users\/1"}],"replies":[{"embeddable":true,"href":"https:\/\/briganti.com.br\/reformatributaria\/wp-json\/wp\/v2\/comments?post=29536"}],"version-history":[{"count":37,"href":"https:\/\/briganti.com.br\/reformatributaria\/wp-json\/wp\/v2\/pages\/29536\/revisions"}],"predecessor-version":[{"id":30204,"href":"https:\/\/briganti.com.br\/reformatributaria\/wp-json\/wp\/v2\/pages\/29536\/revisions\/30204"}],"wp:attachment":[{"href":"https:\/\/briganti.com.br\/reformatributaria\/wp-json\/wp\/v2\/media?parent=29536"}],"curies":[{"name":"wp","href":"https:\/\/api.w.org\/{rel}","templated":true}]}}