{"id":29520,"date":"2025-02-13T10:16:38","date_gmt":"2025-02-13T13:16:38","guid":{"rendered":"https:\/\/briganti.com.br\/reformatributaria\/?page_id=29520"},"modified":"2025-04-09T11:39:37","modified_gmt":"2025-04-09T14:39:37","slug":"internacional","status":"publish","type":"page","link":"https:\/\/briganti.com.br\/reformatributaria\/internacional\/","title":{"rendered":"Internacional"},"content":{"rendered":"\t\t<div data-elementor-type=\"wp-post\" data-elementor-id=\"29520\" class=\"elementor elementor-29520\" data-elementor-post-type=\"page\">\n\t\t\t\t<div class=\"elementor-element elementor-element-96d3e34 e-con-full e-flex neuron-fixed-no e-con e-parent\" data-id=\"96d3e34\" data-element_type=\"container\" data-settings=\"{&quot;background_background&quot;:&quot;classic&quot;}\">\n\t\t<div class=\"elementor-element elementor-element-2d01701 e-flex e-con-boxed neuron-fixed-no e-con e-child\" data-id=\"2d01701\" data-element_type=\"container\">\n\t\t\t\t\t<div class=\"e-con-inner\">\n\t\t\t\t\t<\/div>\n\t\t\t\t<\/div>\n\t\t\t\t<\/div>\n\t\t<div class=\"elementor-element elementor-element-f02b80b e-flex e-con-boxed neuron-fixed-no e-con e-parent\" data-id=\"f02b80b\" data-element_type=\"container\">\n\t\t\t\t\t<div class=\"e-con-inner\">\n\t\t<div class=\"elementor-element elementor-element-1a4ef57 e-con-full e-flex neuron-fixed-no e-con e-child\" data-id=\"1a4ef57\" data-element_type=\"container\">\n\t\t\t\t<div class=\"elementor-element elementor-element-5530083 elementor-icon-list--layout-inline elementor-mobile-align-center elementor-list-item-link-full_width elementor-widget elementor-widget-icon-list\" data-id=\"5530083\" data-element_type=\"widget\" data-widget_type=\"icon-list.default\">\n\t\t\t\t<div class=\"elementor-widget-container\">\n\t\t\t\t\t\t\t<ul class=\"elementor-icon-list-items elementor-inline-items\">\n\t\t\t\t\t\t\t<li class=\"elementor-icon-list-item elementor-inline-item\">\n\t\t\t\t\t\t\t\t\t\t\t<a href=\"https:\/\/briganti.com.br\/reformatributaria\/\">\n\n\t\t\t\t\t\t\t\t\t\t\t<span class=\"elementor-icon-list-text\">Voltar<\/span>\n\t\t\t\t\t\t\t\t\t\t\t<\/a>\n\t\t\t\t\t\t\t\t\t<\/li>\n\t\t\t\t\t\t\t\t<li class=\"elementor-icon-list-item elementor-inline-item\">\n\t\t\t\t\t\t\t\t\t\t\t<a href=\"#\">\n\n\t\t\t\t\t\t\t\t\t\t\t<span class=\"elementor-icon-list-text\"><\/span>\n\t\t\t\t\t\t\t\t\t\t\t<\/a>\n\t\t\t\t\t\t\t\t\t<\/li>\n\t\t\t\t\t\t<\/ul>\n\t\t\t\t\t\t<\/div>\n\t\t\t\t<\/div>\n\t\t\t\t<\/div>\n\t\t\t\t\t<\/div>\n\t\t\t\t<\/div>\n\t\t<div class=\"elementor-element elementor-element-cd127eb e-grid e-con-boxed neuron-fixed-no e-con e-parent\" data-id=\"cd127eb\" data-element_type=\"container\">\n\t\t\t\t\t<div class=\"e-con-inner\">\n\t\t\t\t<div class=\"elementor-element elementor-element-dc44155 elementor-widget elementor-widget-heading\" data-id=\"dc44155\" data-element_type=\"widget\" data-widget_type=\"heading.default\">\n\t\t\t\t<div class=\"elementor-widget-container\">\n\t\t\t\t\t<h2 class=\"elementor-heading-title elementor-size-default\">INTERNACIONAL<\/h2>\t\t\t\t<\/div>\n\t\t\t\t<\/div>\n\t\t\t\t<div class=\"elementor-element elementor-element-87782b2 elementor-widget elementor-widget-text-editor\" data-id=\"87782b2\" data-element_type=\"widget\" data-widget_type=\"text-editor.default\">\n\t\t\t\t<div class=\"elementor-widget-container\">\n\t\t\t\t\t\t\t\t\t<p>No \u00e2mbito das exporta\u00e7\u00f5es e das importa\u00e7\u00f5es, a Reforma Tribut\u00e1ria trouxe diversas previs\u00f5es espec\u00edficas, como a manuten\u00e7\u00e3o de alguns regimes aduaneiros a exemplo do Regime Aduaneiro Especial Aplic\u00e1vel ao Setor de Petr\u00f3leo e G\u00e1s (REPETRO) e dos regimes de Tr\u00e2nsito e Dep\u00f3sito, que t\u00eam caracter\u00edsticas como a suspens\u00e3o ou a isen\u00e7\u00e3o de tributos.<\/p><p>Veja em nosso eBook os principais regimes aduaneiros e os Impactos da Reforma sobre as exporta\u00e7\u00f5es e importa\u00e7\u00f5es realizadas no Pa\u00eds.<\/p>\t\t\t\t\t\t\t\t<\/div>\n\t\t\t\t<\/div>\n\t\t\t\t\t<\/div>\n\t\t\t\t<\/div>\n\t\t<div class=\"elementor-element elementor-element-dbbbf9e e-flex e-con-boxed neuron-fixed-no e-con e-parent\" data-id=\"dbbbf9e\" data-element_type=\"container\">\n\t\t\t\t\t<div class=\"e-con-inner\">\n\t\t<div class=\"elementor-element elementor-element-027d2d8 e-con-full e-flex neuron-fixed-no e-con e-child\" data-id=\"027d2d8\" data-element_type=\"container\">\n\t\t\t\t<div class=\"elementor-element elementor-element-afdef8e elementor-widget elementor-widget-image\" data-id=\"afdef8e\" data-element_type=\"widget\" data-widget_type=\"image.default\">\n\t\t\t\t<div class=\"elementor-widget-container\">\n\t\t\t\t\t\t\t\t\t\t\t\t\t\t\t\t<a href=\"https:\/\/briganti.com.br\/reformatributaria\/wp-content\/uploads\/2025\/04\/BRIGANTI_Regimes-aduaneiros.pdf\" target=\"_blank\">\n\t\t\t\t\t\t\t<img fetchpriority=\"high\" decoding=\"async\" width=\"768\" height=\"579\" src=\"https:\/\/briganti.com.br\/reformatributaria\/wp-content\/uploads\/2025\/04\/Regimes-Aduaneiros-768x579.png\" class=\"attachment-medium_large size-medium_large wp-image-30190\" alt=\"\" srcset=\"https:\/\/briganti.com.br\/reformatributaria\/wp-content\/uploads\/2025\/04\/Regimes-Aduaneiros-768x579.png 768w, https:\/\/briganti.com.br\/reformatributaria\/wp-content\/uploads\/2025\/04\/Regimes-Aduaneiros-300x226.png 300w, https:\/\/briganti.com.br\/reformatributaria\/wp-content\/uploads\/2025\/04\/Regimes-Aduaneiros-1024x773.png 1024w, https:\/\/briganti.com.br\/reformatributaria\/wp-content\/uploads\/2025\/04\/Regimes-Aduaneiros-1536x1159.png 1536w, https:\/\/briganti.com.br\/reformatributaria\/wp-content\/uploads\/2025\/04\/Regimes-Aduaneiros-600x453.png 600w, https:\/\/briganti.com.br\/reformatributaria\/wp-content\/uploads\/2025\/04\/Regimes-Aduaneiros.png 1988w\" sizes=\"(max-width: 768px) 100vw, 768px\" \/>\t\t\t\t\t\t\t\t<\/a>\n\t\t\t\t\t\t\t\t\t\t\t\t\t\t\t<\/div>\n\t\t\t\t<\/div>\n\t\t\t\t<\/div>\n\t\t<div class=\"elementor-element elementor-element-3e02fa9 e-con-full e-flex neuron-fixed-no e-con e-child\" data-id=\"3e02fa9\" data-element_type=\"container\">\n\t\t\t\t<\/div>\n\t\t\t\t\t<\/div>\n\t\t\t\t<\/div>\n\t\t\t\t<\/div>\n\t\t","protected":false},"excerpt":{"rendered":"<p>Voltar INTERNACIONAL No \u00e2mbito das exporta\u00e7\u00f5es e das importa\u00e7\u00f5es, a Reforma Tribut\u00e1ria trouxe diversas previs\u00f5es espec\u00edficas, como a manuten\u00e7\u00e3o de alguns regimes aduaneiros a exemplo do Regime Aduaneiro Especial Aplic\u00e1vel ao Setor de Petr\u00f3leo e G\u00e1s (REPETRO) e dos regimes de Tr\u00e2nsito e Dep\u00f3sito, que t\u00eam caracter\u00edsticas como a suspens\u00e3o ou a isen\u00e7\u00e3o de tributos. [&hellip;]<\/p>\n","protected":false},"author":1,"featured_media":0,"parent":0,"menu_order":7,"comment_status":"closed","ping_status":"closed","template":"","meta":{"_acf_changed":false,"footnotes":""},"class_list":["post-29520","page","type-page","status-publish","hentry"],"acf":[],"_links":{"self":[{"href":"https:\/\/briganti.com.br\/reformatributaria\/wp-json\/wp\/v2\/pages\/29520","targetHints":{"allow":["GET"]}}],"collection":[{"href":"https:\/\/briganti.com.br\/reformatributaria\/wp-json\/wp\/v2\/pages"}],"about":[{"href":"https:\/\/briganti.com.br\/reformatributaria\/wp-json\/wp\/v2\/types\/page"}],"author":[{"embeddable":true,"href":"https:\/\/briganti.com.br\/reformatributaria\/wp-json\/wp\/v2\/users\/1"}],"replies":[{"embeddable":true,"href":"https:\/\/briganti.com.br\/reformatributaria\/wp-json\/wp\/v2\/comments?post=29520"}],"version-history":[{"count":31,"href":"https:\/\/briganti.com.br\/reformatributaria\/wp-json\/wp\/v2\/pages\/29520\/revisions"}],"predecessor-version":[{"id":30193,"href":"https:\/\/briganti.com.br\/reformatributaria\/wp-json\/wp\/v2\/pages\/29520\/revisions\/30193"}],"wp:attachment":[{"href":"https:\/\/briganti.com.br\/reformatributaria\/wp-json\/wp\/v2\/media?parent=29520"}],"curies":[{"name":"wp","href":"https:\/\/api.w.org\/{rel}","templated":true}]}}