{"id":29307,"date":"2025-02-06T15:27:58","date_gmt":"2025-02-06T18:27:58","guid":{"rendered":"https:\/\/briganti.com.br\/reformatributaria\/?page_id=29307"},"modified":"2025-04-10T14:58:31","modified_gmt":"2025-04-10T17:58:31","slug":"infraestrutura","status":"publish","type":"page","link":"https:\/\/briganti.com.br\/reformatributaria\/infraestrutura\/","title":{"rendered":"Infraestrutura"},"content":{"rendered":"\t\t<div data-elementor-type=\"wp-post\" data-elementor-id=\"29307\" class=\"elementor elementor-29307\" data-elementor-post-type=\"page\">\n\t\t\t\t<div class=\"elementor-element elementor-element-e158e9e e-con-full e-flex neuron-fixed-no e-con e-parent\" data-id=\"e158e9e\" data-element_type=\"container\" data-settings=\"{&quot;background_background&quot;:&quot;classic&quot;}\">\n\t\t<div class=\"elementor-element elementor-element-a58b459 e-flex e-con-boxed neuron-fixed-no e-con e-child\" data-id=\"a58b459\" data-element_type=\"container\">\n\t\t\t\t\t<div class=\"e-con-inner\">\n\t\t\t\t\t<\/div>\n\t\t\t\t<\/div>\n\t\t\t\t<\/div>\n\t\t<div class=\"elementor-element elementor-element-07e1325 e-flex e-con-boxed neuron-fixed-no e-con e-parent\" data-id=\"07e1325\" data-element_type=\"container\">\n\t\t\t\t\t<div class=\"e-con-inner\">\n\t\t<div class=\"elementor-element elementor-element-fd07fe9 e-con-full e-flex neuron-fixed-no e-con e-child\" data-id=\"fd07fe9\" data-element_type=\"container\">\n\t\t\t\t<div class=\"elementor-element elementor-element-46c2fc1 elementor-icon-list--layout-inline elementor-mobile-align-center elementor-list-item-link-full_width elementor-widget elementor-widget-icon-list\" data-id=\"46c2fc1\" data-element_type=\"widget\" data-widget_type=\"icon-list.default\">\n\t\t\t\t<div class=\"elementor-widget-container\">\n\t\t\t\t\t\t\t<ul class=\"elementor-icon-list-items elementor-inline-items\">\n\t\t\t\t\t\t\t<li class=\"elementor-icon-list-item elementor-inline-item\">\n\t\t\t\t\t\t\t\t\t\t\t<a href=\"https:\/\/briganti.com.br\/reformatributaria\/\">\n\n\t\t\t\t\t\t\t\t\t\t\t<span class=\"elementor-icon-list-text\">Voltar<\/span>\n\t\t\t\t\t\t\t\t\t\t\t<\/a>\n\t\t\t\t\t\t\t\t\t<\/li>\n\t\t\t\t\t\t\t\t<li class=\"elementor-icon-list-item elementor-inline-item\">\n\t\t\t\t\t\t\t\t\t\t\t<a href=\"#\">\n\n\t\t\t\t\t\t\t\t\t\t\t<span class=\"elementor-icon-list-text\"><\/span>\n\t\t\t\t\t\t\t\t\t\t\t<\/a>\n\t\t\t\t\t\t\t\t\t<\/li>\n\t\t\t\t\t\t<\/ul>\n\t\t\t\t\t\t<\/div>\n\t\t\t\t<\/div>\n\t\t\t\t<\/div>\n\t\t\t\t\t<\/div>\n\t\t\t\t<\/div>\n\t\t<div class=\"elementor-element elementor-element-ad6c6a2 e-grid e-con-boxed neuron-fixed-no e-con e-parent\" data-id=\"ad6c6a2\" data-element_type=\"container\">\n\t\t\t\t\t<div class=\"e-con-inner\">\n\t\t\t\t<div class=\"elementor-element elementor-element-187afdc elementor-widget elementor-widget-heading\" data-id=\"187afdc\" data-element_type=\"widget\" data-widget_type=\"heading.default\">\n\t\t\t\t<div class=\"elementor-widget-container\">\n\t\t\t\t\t<h2 class=\"elementor-heading-title elementor-size-default\">INFRAESTRUTURA<\/h2>\t\t\t\t<\/div>\n\t\t\t\t<\/div>\n\t\t\t\t<div class=\"elementor-element elementor-element-2f0c3b3 elementor-widget elementor-widget-text-editor\" data-id=\"2f0c3b3\" data-element_type=\"widget\" data-widget_type=\"text-editor.default\">\n\t\t\t\t<div class=\"elementor-widget-container\">\n\t\t\t\t\t\t\t\t\t<p>Setores entendidos como de Infraestrutura, como Combust\u00edveis, Energia El\u00e9trica, Telecomunica\u00e7\u00f5es e Educa\u00e7\u00e3o sofrer\u00e3o bruscas mudan\u00e7as em sua tributa\u00e7\u00e3o com a Reforma Tribut\u00e1ria.<br \/><br \/>Confira nos eBooks preparados pelo nosso time de especialistas quais as principais modifica\u00e7\u00f5es que impactar\u00e3o estes subsetores.<\/p>\t\t\t\t\t\t\t\t<\/div>\n\t\t\t\t<\/div>\n\t\t\t\t\t<\/div>\n\t\t\t\t<\/div>\n\t\t<div class=\"elementor-element elementor-element-f5cdea5 e-flex e-con-boxed neuron-fixed-no e-con e-parent\" data-id=\"f5cdea5\" data-element_type=\"container\">\n\t\t\t\t\t<div class=\"e-con-inner\">\n\t\t<div class=\"elementor-element elementor-element-6400087 e-con-full e-flex neuron-fixed-no e-con e-child\" data-id=\"6400087\" data-element_type=\"container\">\n\t\t\t\t<div class=\"elementor-element elementor-element-772b6fc elementor-widget elementor-widget-image\" data-id=\"772b6fc\" data-element_type=\"widget\" data-widget_type=\"image.default\">\n\t\t\t\t<div class=\"elementor-widget-container\">\n\t\t\t\t\t\t\t\t\t\t\t\t\t\t\t\t<a href=\"https:\/\/briganti.com.br\/reformatributaria\/wp-content\/uploads\/2025\/04\/BRIGANTI_Combustiveis-2.pdf\" target=\"_blank\">\n\t\t\t\t\t\t\t<img fetchpriority=\"high\" decoding=\"async\" width=\"768\" height=\"579\" src=\"https:\/\/briganti.com.br\/reformatributaria\/wp-content\/uploads\/2025\/04\/Combustiveis-768x579.png\" class=\"attachment-medium_large size-medium_large wp-image-30182\" alt=\"\" srcset=\"https:\/\/briganti.com.br\/reformatributaria\/wp-content\/uploads\/2025\/04\/Combustiveis-768x579.png 768w, https:\/\/briganti.com.br\/reformatributaria\/wp-content\/uploads\/2025\/04\/Combustiveis-300x226.png 300w, https:\/\/briganti.com.br\/reformatributaria\/wp-content\/uploads\/2025\/04\/Combustiveis-1024x773.png 1024w, https:\/\/briganti.com.br\/reformatributaria\/wp-content\/uploads\/2025\/04\/Combustiveis-1536x1159.png 1536w, https:\/\/briganti.com.br\/reformatributaria\/wp-content\/uploads\/2025\/04\/Combustiveis-600x453.png 600w, https:\/\/briganti.com.br\/reformatributaria\/wp-content\/uploads\/2025\/04\/Combustiveis.png 1988w\" sizes=\"(max-width: 768px) 100vw, 768px\" \/>\t\t\t\t\t\t\t\t<\/a>\n\t\t\t\t\t\t\t\t\t\t\t\t\t\t\t<\/div>\n\t\t\t\t<\/div>\n\t\t\t\t<div class=\"elementor-element elementor-element-1e421c1 elementor-widget elementor-widget-image\" data-id=\"1e421c1\" data-element_type=\"widget\" data-widget_type=\"image.default\">\n\t\t\t\t<div class=\"elementor-widget-container\">\n\t\t\t\t\t\t\t\t\t\t\t\t\t\t\t\t<a href=\"https:\/\/briganti.com.br\/reformatributaria\/wp-content\/uploads\/2025\/04\/BRIGANTI_Infraestrutura-Energia-Eletrica.pdf\" target=\"_blank\">\n\t\t\t\t\t\t\t<img decoding=\"async\" width=\"768\" height=\"579\" src=\"https:\/\/briganti.com.br\/reformatributaria\/wp-content\/uploads\/2025\/04\/Energia-eletrica-768x579.png\" class=\"attachment-medium_large size-medium_large wp-image-30180\" alt=\"\" srcset=\"https:\/\/briganti.com.br\/reformatributaria\/wp-content\/uploads\/2025\/04\/Energia-eletrica-768x579.png 768w, https:\/\/briganti.com.br\/reformatributaria\/wp-content\/uploads\/2025\/04\/Energia-eletrica-300x226.png 300w, https:\/\/briganti.com.br\/reformatributaria\/wp-content\/uploads\/2025\/04\/Energia-eletrica-1024x773.png 1024w, https:\/\/briganti.com.br\/reformatributaria\/wp-content\/uploads\/2025\/04\/Energia-eletrica-1536x1159.png 1536w, https:\/\/briganti.com.br\/reformatributaria\/wp-content\/uploads\/2025\/04\/Energia-eletrica-600x453.png 600w, https:\/\/briganti.com.br\/reformatributaria\/wp-content\/uploads\/2025\/04\/Energia-eletrica.png 1988w\" sizes=\"(max-width: 768px) 100vw, 768px\" \/>\t\t\t\t\t\t\t\t<\/a>\n\t\t\t\t\t\t\t\t\t\t\t\t\t\t\t<\/div>\n\t\t\t\t<\/div>\n\t\t\t\t<\/div>\n\t\t<div class=\"elementor-element elementor-element-04b72ad e-con-full e-flex neuron-fixed-no e-con e-child\" data-id=\"04b72ad\" data-element_type=\"container\">\n\t\t\t\t<div class=\"elementor-element elementor-element-ffa86fc elementor-widget elementor-widget-image\" data-id=\"ffa86fc\" data-element_type=\"widget\" data-widget_type=\"image.default\">\n\t\t\t\t<div class=\"elementor-widget-container\">\n\t\t\t\t\t\t\t\t\t\t\t\t\t\t\t\t<a href=\"https:\/\/briganti.com.br\/reformatributaria\/wp-content\/uploads\/2025\/04\/BRIGANTI_Educacao-1.pdf\" target=\"_blank\">\n\t\t\t\t\t\t\t<img decoding=\"async\" width=\"768\" height=\"579\" src=\"https:\/\/briganti.com.br\/reformatributaria\/wp-content\/uploads\/2025\/04\/Educacao-768x579.png\" class=\"attachment-medium_large size-medium_large wp-image-30222\" alt=\"\" srcset=\"https:\/\/briganti.com.br\/reformatributaria\/wp-content\/uploads\/2025\/04\/Educacao-768x579.png 768w, https:\/\/briganti.com.br\/reformatributaria\/wp-content\/uploads\/2025\/04\/Educacao-300x226.png 300w, https:\/\/briganti.com.br\/reformatributaria\/wp-content\/uploads\/2025\/04\/Educacao-1024x773.png 1024w, https:\/\/briganti.com.br\/reformatributaria\/wp-content\/uploads\/2025\/04\/Educacao-1536x1159.png 1536w, https:\/\/briganti.com.br\/reformatributaria\/wp-content\/uploads\/2025\/04\/Educacao-600x453.png 600w, https:\/\/briganti.com.br\/reformatributaria\/wp-content\/uploads\/2025\/04\/Educacao.png 1988w\" sizes=\"(max-width: 768px) 100vw, 768px\" \/>\t\t\t\t\t\t\t\t<\/a>\n\t\t\t\t\t\t\t\t\t\t\t\t\t\t\t<\/div>\n\t\t\t\t<\/div>\n\t\t\t\t<div class=\"elementor-element elementor-element-881230b elementor-widget elementor-widget-image\" data-id=\"881230b\" data-element_type=\"widget\" data-widget_type=\"image.default\">\n\t\t\t\t<div class=\"elementor-widget-container\">\n\t\t\t\t\t\t\t\t\t\t\t\t\t\t\t\t<a href=\"https:\/\/briganti.com.br\/reformatributaria\/wp-content\/uploads\/2025\/04\/BRIGANTI_Telecomunicacoes-2.pdf\" target=\"_blank\">\n\t\t\t\t\t\t\t<img loading=\"lazy\" decoding=\"async\" width=\"768\" height=\"579\" src=\"https:\/\/briganti.com.br\/reformatributaria\/wp-content\/uploads\/2025\/04\/Telecomunicacoesl-768x579.png\" class=\"attachment-medium_large size-medium_large wp-image-30181\" alt=\"\" srcset=\"https:\/\/briganti.com.br\/reformatributaria\/wp-content\/uploads\/2025\/04\/Telecomunicacoesl-768x579.png 768w, https:\/\/briganti.com.br\/reformatributaria\/wp-content\/uploads\/2025\/04\/Telecomunicacoesl-300x226.png 300w, https:\/\/briganti.com.br\/reformatributaria\/wp-content\/uploads\/2025\/04\/Telecomunicacoesl-1024x773.png 1024w, https:\/\/briganti.com.br\/reformatributaria\/wp-content\/uploads\/2025\/04\/Telecomunicacoesl-1536x1159.png 1536w, https:\/\/briganti.com.br\/reformatributaria\/wp-content\/uploads\/2025\/04\/Telecomunicacoesl-600x453.png 600w, https:\/\/briganti.com.br\/reformatributaria\/wp-content\/uploads\/2025\/04\/Telecomunicacoesl.png 1988w\" sizes=\"(max-width: 768px) 100vw, 768px\" \/>\t\t\t\t\t\t\t\t<\/a>\n\t\t\t\t\t\t\t\t\t\t\t\t\t\t\t<\/div>\n\t\t\t\t<\/div>\n\t\t\t\t<\/div>\n\t\t\t\t\t<\/div>\n\t\t\t\t<\/div>\n\t\t<div class=\"elementor-element elementor-element-f84ca63 e-flex e-con-boxed neuron-fixed-no e-con e-parent\" data-id=\"f84ca63\" data-element_type=\"container\">\n\t\t\t\t\t<div class=\"e-con-inner\">\n\t\t<div class=\"elementor-element elementor-element-9e84193 e-con-full e-flex neuron-fixed-no e-con e-child\" data-id=\"9e84193\" data-element_type=\"container\">\n\t\t\t\t<div class=\"elementor-element elementor-element-1fd46cf elementor-widget elementor-widget-image\" data-id=\"1fd46cf\" data-element_type=\"widget\" data-widget_type=\"image.default\">\n\t\t\t\t<div class=\"elementor-widget-container\">\n\t\t\t\t\t\t\t\t\t\t\t\t\t\t\t\t<a href=\"https:\/\/briganti.com.br\/reformatributaria\/wp-content\/uploads\/2025\/04\/BRIGANTI_Transportes-1.pdf\" target=\"_blank\">\n\t\t\t\t\t\t\t<img loading=\"lazy\" decoding=\"async\" width=\"768\" height=\"579\" src=\"https:\/\/briganti.com.br\/reformatributaria\/wp-content\/uploads\/2025\/04\/Transportes-768x579.png\" class=\"attachment-medium_large size-medium_large wp-image-30223\" alt=\"\" srcset=\"https:\/\/briganti.com.br\/reformatributaria\/wp-content\/uploads\/2025\/04\/Transportes-768x579.png 768w, https:\/\/briganti.com.br\/reformatributaria\/wp-content\/uploads\/2025\/04\/Transportes-300x226.png 300w, https:\/\/briganti.com.br\/reformatributaria\/wp-content\/uploads\/2025\/04\/Transportes-1024x773.png 1024w, https:\/\/briganti.com.br\/reformatributaria\/wp-content\/uploads\/2025\/04\/Transportes-1536x1159.png 1536w, https:\/\/briganti.com.br\/reformatributaria\/wp-content\/uploads\/2025\/04\/Transportes-600x453.png 600w, https:\/\/briganti.com.br\/reformatributaria\/wp-content\/uploads\/2025\/04\/Transportes.png 1988w\" sizes=\"(max-width: 768px) 100vw, 768px\" \/>\t\t\t\t\t\t\t\t<\/a>\n\t\t\t\t\t\t\t\t\t\t\t\t\t\t\t<\/div>\n\t\t\t\t<\/div>\n\t\t\t\t<\/div>\n\t\t<div class=\"elementor-element elementor-element-4fba1a1 e-con-full e-flex neuron-fixed-no e-con e-child\" data-id=\"4fba1a1\" data-element_type=\"container\">\n\t\t\t\t<\/div>\n\t\t\t\t\t<\/div>\n\t\t\t\t<\/div>\n\t\t\t\t<\/div>\n\t\t","protected":false},"excerpt":{"rendered":"<p>Voltar INFRAESTRUTURA Setores entendidos como de Infraestrutura, como Combust\u00edveis, Energia El\u00e9trica, Telecomunica\u00e7\u00f5es e Educa\u00e7\u00e3o sofrer\u00e3o bruscas mudan\u00e7as em sua tributa\u00e7\u00e3o com a Reforma Tribut\u00e1ria. Confira nos eBooks preparados pelo nosso time de especialistas quais as principais modifica\u00e7\u00f5es que impactar\u00e3o estes subsetores.<\/p>\n","protected":false},"author":1,"featured_media":0,"parent":0,"menu_order":7,"comment_status":"closed","ping_status":"closed","template":"","meta":{"_acf_changed":false,"footnotes":""},"class_list":["post-29307","page","type-page","status-publish","hentry"],"acf":[],"_links":{"self":[{"href":"https:\/\/briganti.com.br\/reformatributaria\/wp-json\/wp\/v2\/pages\/29307","targetHints":{"allow":["GET"]}}],"collection":[{"href":"https:\/\/briganti.com.br\/reformatributaria\/wp-json\/wp\/v2\/pages"}],"about":[{"href":"https:\/\/briganti.com.br\/reformatributaria\/wp-json\/wp\/v2\/types\/page"}],"author":[{"embeddable":true,"href":"https:\/\/briganti.com.br\/reformatributaria\/wp-json\/wp\/v2\/users\/1"}],"replies":[{"embeddable":true,"href":"https:\/\/briganti.com.br\/reformatributaria\/wp-json\/wp\/v2\/comments?post=29307"}],"version-history":[{"count":41,"href":"https:\/\/briganti.com.br\/reformatributaria\/wp-json\/wp\/v2\/pages\/29307\/revisions"}],"predecessor-version":[{"id":30229,"href":"https:\/\/briganti.com.br\/reformatributaria\/wp-json\/wp\/v2\/pages\/29307\/revisions\/30229"}],"wp:attachment":[{"href":"https:\/\/briganti.com.br\/reformatributaria\/wp-json\/wp\/v2\/media?parent=29307"}],"curies":[{"name":"wp","href":"https:\/\/api.w.org\/{rel}","templated":true}]}}