{"id":29299,"date":"2025-02-06T15:04:04","date_gmt":"2025-02-06T18:04:04","guid":{"rendered":"https:\/\/briganti.com.br\/reformatributaria\/?page_id=29299"},"modified":"2025-04-09T11:37:41","modified_gmt":"2025-04-09T14:37:41","slug":"imobiliario","status":"publish","type":"page","link":"https:\/\/briganti.com.br\/reformatributaria\/imobiliario\/","title":{"rendered":"Imobili\u00e1rio"},"content":{"rendered":"\t\t<div data-elementor-type=\"wp-post\" data-elementor-id=\"29299\" class=\"elementor elementor-29299\" data-elementor-post-type=\"page\">\n\t\t\t\t<div class=\"elementor-element elementor-element-3261df1 e-con-full e-flex neuron-fixed-no e-con e-parent\" data-id=\"3261df1\" data-element_type=\"container\" data-settings=\"{&quot;background_background&quot;:&quot;classic&quot;}\">\n\t\t<div class=\"elementor-element elementor-element-d61b6c8 e-flex e-con-boxed neuron-fixed-no e-con e-child\" data-id=\"d61b6c8\" data-element_type=\"container\">\n\t\t\t\t\t<div class=\"e-con-inner\">\n\t\t\t\t\t<\/div>\n\t\t\t\t<\/div>\n\t\t\t\t<\/div>\n\t\t<div class=\"elementor-element elementor-element-4865c5b e-flex e-con-boxed neuron-fixed-no e-con e-parent\" data-id=\"4865c5b\" data-element_type=\"container\">\n\t\t\t\t\t<div class=\"e-con-inner\">\n\t\t<div class=\"elementor-element elementor-element-551b595 e-con-full e-flex neuron-fixed-no e-con e-child\" data-id=\"551b595\" data-element_type=\"container\">\n\t\t\t\t<div class=\"elementor-element elementor-element-f3a7222 elementor-icon-list--layout-inline elementor-mobile-align-center elementor-list-item-link-full_width elementor-widget elementor-widget-icon-list\" data-id=\"f3a7222\" data-element_type=\"widget\" data-widget_type=\"icon-list.default\">\n\t\t\t\t<div class=\"elementor-widget-container\">\n\t\t\t\t\t\t\t<ul class=\"elementor-icon-list-items elementor-inline-items\">\n\t\t\t\t\t\t\t<li class=\"elementor-icon-list-item elementor-inline-item\">\n\t\t\t\t\t\t\t\t\t\t\t<a href=\"https:\/\/briganti.com.br\/reformatributaria\/\">\n\n\t\t\t\t\t\t\t\t\t\t\t<span class=\"elementor-icon-list-text\">Voltar<\/span>\n\t\t\t\t\t\t\t\t\t\t\t<\/a>\n\t\t\t\t\t\t\t\t\t<\/li>\n\t\t\t\t\t\t\t\t<li class=\"elementor-icon-list-item elementor-inline-item\">\n\t\t\t\t\t\t\t\t\t\t\t<a href=\"#\">\n\n\t\t\t\t\t\t\t\t\t\t\t<span class=\"elementor-icon-list-text\"><\/span>\n\t\t\t\t\t\t\t\t\t\t\t<\/a>\n\t\t\t\t\t\t\t\t\t<\/li>\n\t\t\t\t\t\t<\/ul>\n\t\t\t\t\t\t<\/div>\n\t\t\t\t<\/div>\n\t\t\t\t<\/div>\n\t\t\t\t\t<\/div>\n\t\t\t\t<\/div>\n\t\t<div class=\"elementor-element elementor-element-02cb8f8 e-grid e-con-boxed neuron-fixed-no e-con e-parent\" data-id=\"02cb8f8\" data-element_type=\"container\">\n\t\t\t\t\t<div class=\"e-con-inner\">\n\t\t\t\t<div class=\"elementor-element elementor-element-a7c5eaf elementor-widget elementor-widget-heading\" data-id=\"a7c5eaf\" data-element_type=\"widget\" data-widget_type=\"heading.default\">\n\t\t\t\t<div class=\"elementor-widget-container\">\n\t\t\t\t\t<h2 class=\"elementor-heading-title elementor-size-default\">IMOBILI\u00c1RIO<\/h2>\t\t\t\t<\/div>\n\t\t\t\t<\/div>\n\t\t\t\t<div class=\"elementor-element elementor-element-1c3ff17 elementor-widget elementor-widget-text-editor\" data-id=\"1c3ff17\" data-element_type=\"widget\" data-widget_type=\"text-editor.default\">\n\t\t\t\t<div class=\"elementor-widget-container\">\n\t\t\t\t\t\t\t\t\t<p>Um dos pontos da regulamenta\u00e7\u00e3o da reforma tribut\u00e1ria que foi mais modificado pelo Congresso Nacional \u00e9 o das regras para opera\u00e7\u00f5es com bens im\u00f3veis, impactando tanto o setor imobili\u00e1rio, quanto os investidores.<\/p><p>Ainda n\u00e3o \u00e9 certo que a carga tribut\u00e1ria atual ficar\u00e1 mantida com a Reforma, mas especialistas preveem que os pre\u00e7os dos im\u00f3veis e alugu\u00e9is devem subir.<br \/><br \/>Confira em nosso eBook o que j\u00e1 est\u00e1 previsto para o futuro do setor imobili\u00e1rio, com base na an\u00e1lise do nosso time de especialistas.<\/p><p>Al\u00e9m da tributa\u00e7\u00e3o das pessoas jur\u00eddicas, abordamos neste material como as pessoas f\u00edsicas ser\u00e3o impactadas, trazendo um panorama completo sobre as mudan\u00e7as e seus efeitos.<\/p>\t\t\t\t\t\t\t\t<\/div>\n\t\t\t\t<\/div>\n\t\t\t\t\t<\/div>\n\t\t\t\t<\/div>\n\t\t<div class=\"elementor-element elementor-element-6ec13ad e-flex e-con-boxed neuron-fixed-no e-con e-parent\" data-id=\"6ec13ad\" data-element_type=\"container\">\n\t\t\t\t\t<div class=\"e-con-inner\">\n\t\t<div class=\"elementor-element elementor-element-c3fcd84 e-con-full e-flex neuron-fixed-no e-con e-child\" data-id=\"c3fcd84\" data-element_type=\"container\">\n\t\t\t\t<div class=\"elementor-element elementor-element-17de137 elementor-widget elementor-widget-image\" data-id=\"17de137\" data-element_type=\"widget\" data-widget_type=\"image.default\">\n\t\t\t\t<div class=\"elementor-widget-container\">\n\t\t\t\t\t\t\t\t\t\t\t\t\t\t\t\t<a href=\"https:\/\/briganti.com.br\/reformatributaria\/wp-content\/uploads\/2025\/03\/BRIGANTI_Bens-imoveis.pdf\" target=\"_blank\">\n\t\t\t\t\t\t\t<img fetchpriority=\"high\" decoding=\"async\" width=\"768\" height=\"579\" src=\"https:\/\/briganti.com.br\/reformatributaria\/wp-content\/uploads\/2025\/04\/Bens-imoveis-ibs-e-cbs-768x579.png\" class=\"attachment-medium_large size-medium_large wp-image-30186\" alt=\"\" srcset=\"https:\/\/briganti.com.br\/reformatributaria\/wp-content\/uploads\/2025\/04\/Bens-imoveis-ibs-e-cbs-768x579.png 768w, https:\/\/briganti.com.br\/reformatributaria\/wp-content\/uploads\/2025\/04\/Bens-imoveis-ibs-e-cbs-300x226.png 300w, https:\/\/briganti.com.br\/reformatributaria\/wp-content\/uploads\/2025\/04\/Bens-imoveis-ibs-e-cbs-1024x773.png 1024w, https:\/\/briganti.com.br\/reformatributaria\/wp-content\/uploads\/2025\/04\/Bens-imoveis-ibs-e-cbs-1536x1159.png 1536w, https:\/\/briganti.com.br\/reformatributaria\/wp-content\/uploads\/2025\/04\/Bens-imoveis-ibs-e-cbs-600x453.png 600w, https:\/\/briganti.com.br\/reformatributaria\/wp-content\/uploads\/2025\/04\/Bens-imoveis-ibs-e-cbs.png 1988w\" sizes=\"(max-width: 768px) 100vw, 768px\" \/>\t\t\t\t\t\t\t\t<\/a>\n\t\t\t\t\t\t\t\t\t\t\t\t\t\t\t<\/div>\n\t\t\t\t<\/div>\n\t\t\t\t<\/div>\n\t\t<div class=\"elementor-element elementor-element-848bcb2 e-con-full e-flex neuron-fixed-no e-con e-child\" data-id=\"848bcb2\" data-element_type=\"container\">\n\t\t\t\t<\/div>\n\t\t\t\t\t<\/div>\n\t\t\t\t<\/div>\n\t\t\t\t<\/div>\n\t\t","protected":false},"excerpt":{"rendered":"<p>Voltar IMOBILI\u00c1RIO Um dos pontos da regulamenta\u00e7\u00e3o da reforma tribut\u00e1ria que foi mais modificado pelo Congresso Nacional \u00e9 o das regras para opera\u00e7\u00f5es com bens im\u00f3veis, impactando tanto o setor imobili\u00e1rio, quanto os investidores. Ainda n\u00e3o \u00e9 certo que a carga tribut\u00e1ria atual ficar\u00e1 mantida com a Reforma, mas especialistas preveem que os pre\u00e7os dos [&hellip;]<\/p>\n","protected":false},"author":1,"featured_media":0,"parent":0,"menu_order":7,"comment_status":"closed","ping_status":"closed","template":"","meta":{"_acf_changed":false,"footnotes":""},"class_list":["post-29299","page","type-page","status-publish","hentry"],"acf":[],"_links":{"self":[{"href":"https:\/\/briganti.com.br\/reformatributaria\/wp-json\/wp\/v2\/pages\/29299","targetHints":{"allow":["GET"]}}],"collection":[{"href":"https:\/\/briganti.com.br\/reformatributaria\/wp-json\/wp\/v2\/pages"}],"about":[{"href":"https:\/\/briganti.com.br\/reformatributaria\/wp-json\/wp\/v2\/types\/page"}],"author":[{"embeddable":true,"href":"https:\/\/briganti.com.br\/reformatributaria\/wp-json\/wp\/v2\/users\/1"}],"replies":[{"embeddable":true,"href":"https:\/\/briganti.com.br\/reformatributaria\/wp-json\/wp\/v2\/comments?post=29299"}],"version-history":[{"count":35,"href":"https:\/\/briganti.com.br\/reformatributaria\/wp-json\/wp\/v2\/pages\/29299\/revisions"}],"predecessor-version":[{"id":30189,"href":"https:\/\/briganti.com.br\/reformatributaria\/wp-json\/wp\/v2\/pages\/29299\/revisions\/30189"}],"wp:attachment":[{"href":"https:\/\/briganti.com.br\/reformatributaria\/wp-json\/wp\/v2\/media?parent=29299"}],"curies":[{"name":"wp","href":"https:\/\/api.w.org\/{rel}","templated":true}]}}