{"id":29290,"date":"2025-02-06T14:59:33","date_gmt":"2025-02-06T17:59:33","guid":{"rendered":"https:\/\/briganti.com.br\/reformatributaria\/?page_id=29290"},"modified":"2025-04-09T11:24:30","modified_gmt":"2025-04-09T14:24:30","slug":"economiadigital","status":"publish","type":"page","link":"https:\/\/briganti.com.br\/reformatributaria\/economiadigital\/","title":{"rendered":"Economia Digital"},"content":{"rendered":"\t\t<div data-elementor-type=\"wp-post\" data-elementor-id=\"29290\" class=\"elementor elementor-29290\" data-elementor-post-type=\"page\">\n\t\t\t\t<div class=\"elementor-element elementor-element-49fe24f e-con-full e-flex neuron-fixed-no e-con e-parent\" data-id=\"49fe24f\" data-element_type=\"container\" data-settings=\"{&quot;background_background&quot;:&quot;classic&quot;}\">\n\t\t<div class=\"elementor-element elementor-element-09d932f e-flex e-con-boxed neuron-fixed-no e-con e-child\" data-id=\"09d932f\" data-element_type=\"container\">\n\t\t\t\t\t<div class=\"e-con-inner\">\n\t\t\t\t\t<\/div>\n\t\t\t\t<\/div>\n\t\t\t\t<\/div>\n\t\t<div class=\"elementor-element elementor-element-b55f7fb e-flex e-con-boxed neuron-fixed-no e-con e-parent\" data-id=\"b55f7fb\" data-element_type=\"container\">\n\t\t\t\t\t<div class=\"e-con-inner\">\n\t\t<div class=\"elementor-element elementor-element-1642895 e-con-full e-flex neuron-fixed-no e-con e-child\" data-id=\"1642895\" data-element_type=\"container\">\n\t\t\t\t<div class=\"elementor-element elementor-element-8665b93 elementor-icon-list--layout-inline elementor-mobile-align-center elementor-list-item-link-full_width elementor-widget elementor-widget-icon-list\" data-id=\"8665b93\" data-element_type=\"widget\" data-widget_type=\"icon-list.default\">\n\t\t\t\t<div class=\"elementor-widget-container\">\n\t\t\t\t\t\t\t<ul class=\"elementor-icon-list-items elementor-inline-items\">\n\t\t\t\t\t\t\t<li class=\"elementor-icon-list-item elementor-inline-item\">\n\t\t\t\t\t\t\t\t\t\t\t<a href=\"https:\/\/briganti.com.br\/reformatributaria\/\">\n\n\t\t\t\t\t\t\t\t\t\t\t<span class=\"elementor-icon-list-text\">Voltar<\/span>\n\t\t\t\t\t\t\t\t\t\t\t<\/a>\n\t\t\t\t\t\t\t\t\t<\/li>\n\t\t\t\t\t\t\t\t<li class=\"elementor-icon-list-item elementor-inline-item\">\n\t\t\t\t\t\t\t\t\t\t\t<a href=\"#\">\n\n\t\t\t\t\t\t\t\t\t\t\t<span class=\"elementor-icon-list-text\"><\/span>\n\t\t\t\t\t\t\t\t\t\t\t<\/a>\n\t\t\t\t\t\t\t\t\t<\/li>\n\t\t\t\t\t\t<\/ul>\n\t\t\t\t\t\t<\/div>\n\t\t\t\t<\/div>\n\t\t\t\t<\/div>\n\t\t\t\t\t<\/div>\n\t\t\t\t<\/div>\n\t\t<div class=\"elementor-element elementor-element-0b1404b e-grid e-con-boxed neuron-fixed-no e-con e-parent\" data-id=\"0b1404b\" data-element_type=\"container\">\n\t\t\t\t\t<div class=\"e-con-inner\">\n\t\t\t\t<div class=\"elementor-element elementor-element-b9d3d74 elementor-widget elementor-widget-heading\" data-id=\"b9d3d74\" data-element_type=\"widget\" data-widget_type=\"heading.default\">\n\t\t\t\t<div class=\"elementor-widget-container\">\n\t\t\t\t\t<h2 class=\"elementor-heading-title elementor-size-default\">Economia Digital<\/h2>\t\t\t\t<\/div>\n\t\t\t\t<\/div>\n\t\t\t\t<div class=\"elementor-element elementor-element-60c1b7a elementor-widget elementor-widget-text-editor\" data-id=\"60c1b7a\" data-element_type=\"widget\" data-widget_type=\"text-editor.default\">\n\t\t\t\t<div class=\"elementor-widget-container\">\n\t\t\t\t\t\t\t\t\t<p>A Economia Digital \u00e9 um setor amplo, que engloba desde plataformas de streaming e com\u00e9rcio eletr\u00f4nico, como os marketplaces, at\u00e9 servi\u00e7os de computa\u00e7\u00e3o em nuvem e de armazenamento de dados.<br \/><br \/>No atual sistema tribut\u00e1rio, o Setor enfrenta desafios para adequar-se \u00e0s regras tribut\u00e1rias existentes, sobretudo considerando que muitas vezes as atividades n\u00e3o se enquadram nas classifica\u00e7\u00f5es atuais.<br \/><br \/>Com a amplitude dada pela Reforma Tribut\u00e1ria \u00e0s situa\u00e7\u00f5es que geram a incid\u00eancia dos tributos, muitos neg\u00f3cios que antes sequer eram tributados &#8211; como alguns domiciliados no Exterior &#8211; agora passam a ser tributados, e a ter responsabilidade sobre o fornecimento, que deve observar o destino, isto \u00e9, o local do consumo efetivo, para verifica\u00e7\u00e3o da tributa\u00e7\u00e3o incidente.<br \/><br \/>Veja em nosso eBook o que se espera de novidade para estes Players, que podem sofrer severos aumentos na carga tribut\u00e1ria atual.<\/p>\t\t\t\t\t\t\t\t<\/div>\n\t\t\t\t<\/div>\n\t\t\t\t\t<\/div>\n\t\t\t\t<\/div>\n\t\t<div class=\"elementor-element elementor-element-221a57a e-flex e-con-boxed neuron-fixed-no e-con e-parent\" data-id=\"221a57a\" data-element_type=\"container\">\n\t\t\t\t\t<div class=\"e-con-inner\">\n\t\t<div class=\"elementor-element elementor-element-93e357f e-con-full e-flex neuron-fixed-no e-con e-child\" data-id=\"93e357f\" data-element_type=\"container\">\n\t\t\t\t<div class=\"elementor-element elementor-element-0d86d77 elementor-widget elementor-widget-image\" data-id=\"0d86d77\" data-element_type=\"widget\" data-widget_type=\"image.default\">\n\t\t\t\t<div class=\"elementor-widget-container\">\n\t\t\t\t\t\t\t\t\t\t\t\t\t\t\t\t<a href=\"https:\/\/briganti.com.br\/reformatributaria\/wp-content\/uploads\/2025\/04\/BRIGANTI_Economia-Digital.pdf\" target=\"_blank\">\n\t\t\t\t\t\t\t<img fetchpriority=\"high\" decoding=\"async\" width=\"768\" height=\"579\" src=\"https:\/\/briganti.com.br\/reformatributaria\/wp-content\/uploads\/2025\/04\/Economia-Digital-768x579.png\" class=\"attachment-medium_large size-medium_large wp-image-30173\" alt=\"\" srcset=\"https:\/\/briganti.com.br\/reformatributaria\/wp-content\/uploads\/2025\/04\/Economia-Digital-768x579.png 768w, https:\/\/briganti.com.br\/reformatributaria\/wp-content\/uploads\/2025\/04\/Economia-Digital-300x226.png 300w, https:\/\/briganti.com.br\/reformatributaria\/wp-content\/uploads\/2025\/04\/Economia-Digital-1024x773.png 1024w, https:\/\/briganti.com.br\/reformatributaria\/wp-content\/uploads\/2025\/04\/Economia-Digital-1536x1159.png 1536w, https:\/\/briganti.com.br\/reformatributaria\/wp-content\/uploads\/2025\/04\/Economia-Digital-600x453.png 600w, https:\/\/briganti.com.br\/reformatributaria\/wp-content\/uploads\/2025\/04\/Economia-Digital.png 1988w\" sizes=\"(max-width: 768px) 100vw, 768px\" \/>\t\t\t\t\t\t\t\t<\/a>\n\t\t\t\t\t\t\t\t\t\t\t\t\t\t\t<\/div>\n\t\t\t\t<\/div>\n\t\t\t\t<\/div>\n\t\t<div class=\"elementor-element elementor-element-fb6c249 e-con-full e-flex neuron-fixed-no e-con e-child\" data-id=\"fb6c249\" data-element_type=\"container\">\n\t\t\t\t<\/div>\n\t\t\t\t\t<\/div>\n\t\t\t\t<\/div>\n\t\t\t\t<\/div>\n\t\t","protected":false},"excerpt":{"rendered":"<p>Voltar Economia Digital A Economia Digital \u00e9 um setor amplo, que engloba desde plataformas de streaming e com\u00e9rcio eletr\u00f4nico, como os marketplaces, at\u00e9 servi\u00e7os de computa\u00e7\u00e3o em nuvem e de armazenamento de dados. No atual sistema tribut\u00e1rio, o Setor enfrenta desafios para adequar-se \u00e0s regras tribut\u00e1rias existentes, sobretudo considerando que muitas vezes as atividades n\u00e3o [&hellip;]<\/p>\n","protected":false},"author":1,"featured_media":0,"parent":0,"menu_order":7,"comment_status":"closed","ping_status":"closed","template":"","meta":{"_acf_changed":false,"footnotes":""},"class_list":["post-29290","page","type-page","status-publish","hentry"],"acf":[],"_links":{"self":[{"href":"https:\/\/briganti.com.br\/reformatributaria\/wp-json\/wp\/v2\/pages\/29290","targetHints":{"allow":["GET"]}}],"collection":[{"href":"https:\/\/briganti.com.br\/reformatributaria\/wp-json\/wp\/v2\/pages"}],"about":[{"href":"https:\/\/briganti.com.br\/reformatributaria\/wp-json\/wp\/v2\/types\/page"}],"author":[{"embeddable":true,"href":"https:\/\/briganti.com.br\/reformatributaria\/wp-json\/wp\/v2\/users\/1"}],"replies":[{"embeddable":true,"href":"https:\/\/briganti.com.br\/reformatributaria\/wp-json\/wp\/v2\/comments?post=29290"}],"version-history":[{"count":35,"href":"https:\/\/briganti.com.br\/reformatributaria\/wp-json\/wp\/v2\/pages\/29290\/revisions"}],"predecessor-version":[{"id":30176,"href":"https:\/\/briganti.com.br\/reformatributaria\/wp-json\/wp\/v2\/pages\/29290\/revisions\/30176"}],"wp:attachment":[{"href":"https:\/\/briganti.com.br\/reformatributaria\/wp-json\/wp\/v2\/media?parent=29290"}],"curies":[{"name":"wp","href":"https:\/\/api.w.org\/{rel}","templated":true}]}}