{"id":29282,"date":"2025-02-06T14:48:14","date_gmt":"2025-02-06T17:48:14","guid":{"rendered":"https:\/\/briganti.com.br\/reformatributaria\/?page_id=29282"},"modified":"2025-04-09T11:17:15","modified_gmt":"2025-04-09T14:17:15","slug":"cooperativas","status":"publish","type":"page","link":"https:\/\/briganti.com.br\/reformatributaria\/cooperativas\/","title":{"rendered":"Cooperativas"},"content":{"rendered":"\t\t<div data-elementor-type=\"wp-post\" data-elementor-id=\"29282\" class=\"elementor elementor-29282\" data-elementor-post-type=\"page\">\n\t\t\t\t<div class=\"elementor-element elementor-element-66bba96 e-con-full e-flex neuron-fixed-no e-con e-parent\" data-id=\"66bba96\" data-element_type=\"container\" data-settings=\"{&quot;background_background&quot;:&quot;classic&quot;}\">\n\t\t<div class=\"elementor-element elementor-element-07815b1 e-flex e-con-boxed neuron-fixed-no e-con e-child\" data-id=\"07815b1\" data-element_type=\"container\">\n\t\t\t\t\t<div class=\"e-con-inner\">\n\t\t\t\t\t<\/div>\n\t\t\t\t<\/div>\n\t\t\t\t<\/div>\n\t\t<div class=\"elementor-element elementor-element-ee26b10 e-flex e-con-boxed neuron-fixed-no e-con e-parent\" data-id=\"ee26b10\" data-element_type=\"container\">\n\t\t\t\t\t<div class=\"e-con-inner\">\n\t\t<div class=\"elementor-element elementor-element-6ce4577 e-con-full e-flex neuron-fixed-no e-con e-child\" data-id=\"6ce4577\" data-element_type=\"container\">\n\t\t\t\t<div class=\"elementor-element elementor-element-6a4a647 elementor-icon-list--layout-inline elementor-mobile-align-center elementor-list-item-link-full_width elementor-widget elementor-widget-icon-list\" data-id=\"6a4a647\" data-element_type=\"widget\" data-widget_type=\"icon-list.default\">\n\t\t\t\t<div class=\"elementor-widget-container\">\n\t\t\t\t\t\t\t<ul class=\"elementor-icon-list-items elementor-inline-items\">\n\t\t\t\t\t\t\t<li class=\"elementor-icon-list-item elementor-inline-item\">\n\t\t\t\t\t\t\t\t\t\t\t<a href=\"https:\/\/briganti.com.br\/reformatributaria\/\">\n\n\t\t\t\t\t\t\t\t\t\t\t<span class=\"elementor-icon-list-text\">Voltar<\/span>\n\t\t\t\t\t\t\t\t\t\t\t<\/a>\n\t\t\t\t\t\t\t\t\t<\/li>\n\t\t\t\t\t\t\t\t<li class=\"elementor-icon-list-item elementor-inline-item\">\n\t\t\t\t\t\t\t\t\t\t\t<a href=\"#\">\n\n\t\t\t\t\t\t\t\t\t\t\t<span class=\"elementor-icon-list-text\"><\/span>\n\t\t\t\t\t\t\t\t\t\t\t<\/a>\n\t\t\t\t\t\t\t\t\t<\/li>\n\t\t\t\t\t\t<\/ul>\n\t\t\t\t\t\t<\/div>\n\t\t\t\t<\/div>\n\t\t\t\t<\/div>\n\t\t\t\t\t<\/div>\n\t\t\t\t<\/div>\n\t\t<div class=\"elementor-element elementor-element-b4ee5b0 e-grid e-con-boxed neuron-fixed-no e-con e-parent\" data-id=\"b4ee5b0\" data-element_type=\"container\">\n\t\t\t\t\t<div class=\"e-con-inner\">\n\t\t\t\t<div class=\"elementor-element elementor-element-f5e605e elementor-widget elementor-widget-heading\" data-id=\"f5e605e\" data-element_type=\"widget\" data-widget_type=\"heading.default\">\n\t\t\t\t<div class=\"elementor-widget-container\">\n\t\t\t\t\t<h2 class=\"elementor-heading-title elementor-size-default\">COOPERATIVAS<\/h2>\t\t\t\t<\/div>\n\t\t\t\t<\/div>\n\t\t\t\t<div class=\"elementor-element elementor-element-7424c33 elementor-widget elementor-widget-text-editor\" data-id=\"7424c33\" data-element_type=\"widget\" data-widget_type=\"text-editor.default\">\n\t\t\t\t<div class=\"elementor-widget-container\">\n\t\t\t\t\t\t\t\t\t<p>Ap\u00f3s intensa mobiliza\u00e7\u00e3o do Setor, as Cooperativas viram muitos de seus pleitos serem abra\u00e7ados pela Reforma Tribut\u00e1ria, como a dedu\u00e7\u00e3o integral dos custos com repasses de honor\u00e1rios aos cooperados de operadoras de planos de sa\u00fade e a defini\u00e7\u00e3o de hip\u00f3teses de redu\u00e7\u00e3o de al\u00edquota nas opera\u00e7\u00f5es entre cooperativa e cooperado.<\/p><p>Confira no eBook que preparamos o que restou definido para este importante Setor da economia nacional.<\/p>\t\t\t\t\t\t\t\t<\/div>\n\t\t\t\t<\/div>\n\t\t\t\t\t<\/div>\n\t\t\t\t<\/div>\n\t\t<div class=\"elementor-element elementor-element-49d7e3a e-flex e-con-boxed neuron-fixed-no e-con e-parent\" data-id=\"49d7e3a\" data-element_type=\"container\">\n\t\t\t\t\t<div class=\"e-con-inner\">\n\t\t<div class=\"elementor-element elementor-element-c5ba27c e-con-full e-flex neuron-fixed-no e-con e-child\" data-id=\"c5ba27c\" data-element_type=\"container\">\n\t\t\t\t<div class=\"elementor-element elementor-element-0c68df0 elementor-widget elementor-widget-image\" data-id=\"0c68df0\" data-element_type=\"widget\" data-widget_type=\"image.default\">\n\t\t\t\t<div class=\"elementor-widget-container\">\n\t\t\t\t\t\t\t\t\t\t\t\t\t\t\t\t<a href=\"https:\/\/briganti.com.br\/reformatributaria\/wp-content\/uploads\/2025\/04\/BRIGANTI_sociedades-coperativas.pdf\" target=\"_blank\">\n\t\t\t\t\t\t\t<img fetchpriority=\"high\" decoding=\"async\" width=\"768\" height=\"579\" src=\"https:\/\/briganti.com.br\/reformatributaria\/wp-content\/uploads\/2025\/04\/Cooperativas-768x579.png\" class=\"attachment-medium_large size-medium_large wp-image-30169\" alt=\"\" srcset=\"https:\/\/briganti.com.br\/reformatributaria\/wp-content\/uploads\/2025\/04\/Cooperativas-768x579.png 768w, https:\/\/briganti.com.br\/reformatributaria\/wp-content\/uploads\/2025\/04\/Cooperativas-300x226.png 300w, https:\/\/briganti.com.br\/reformatributaria\/wp-content\/uploads\/2025\/04\/Cooperativas-1024x773.png 1024w, https:\/\/briganti.com.br\/reformatributaria\/wp-content\/uploads\/2025\/04\/Cooperativas-1536x1159.png 1536w, https:\/\/briganti.com.br\/reformatributaria\/wp-content\/uploads\/2025\/04\/Cooperativas-600x453.png 600w, https:\/\/briganti.com.br\/reformatributaria\/wp-content\/uploads\/2025\/04\/Cooperativas.png 1988w\" sizes=\"(max-width: 768px) 100vw, 768px\" \/>\t\t\t\t\t\t\t\t<\/a>\n\t\t\t\t\t\t\t\t\t\t\t\t\t\t\t<\/div>\n\t\t\t\t<\/div>\n\t\t\t\t<\/div>\n\t\t<div class=\"elementor-element elementor-element-c9efccf e-con-full e-flex neuron-fixed-no e-con e-child\" data-id=\"c9efccf\" data-element_type=\"container\">\n\t\t\t\t<\/div>\n\t\t\t\t\t<\/div>\n\t\t\t\t<\/div>\n\t\t\t\t<\/div>\n\t\t","protected":false},"excerpt":{"rendered":"<p>Voltar COOPERATIVAS Ap\u00f3s intensa mobiliza\u00e7\u00e3o do Setor, as Cooperativas viram muitos de seus pleitos serem abra\u00e7ados pela Reforma Tribut\u00e1ria, como a dedu\u00e7\u00e3o integral dos custos com repasses de honor\u00e1rios aos cooperados de operadoras de planos de sa\u00fade e a defini\u00e7\u00e3o de hip\u00f3teses de redu\u00e7\u00e3o de al\u00edquota nas opera\u00e7\u00f5es entre cooperativa e cooperado. Confira no eBook [&hellip;]<\/p>\n","protected":false},"author":1,"featured_media":0,"parent":0,"menu_order":7,"comment_status":"closed","ping_status":"closed","template":"elementor_header_footer","meta":{"_acf_changed":false,"footnotes":""},"class_list":["post-29282","page","type-page","status-publish","hentry"],"acf":[],"_links":{"self":[{"href":"https:\/\/briganti.com.br\/reformatributaria\/wp-json\/wp\/v2\/pages\/29282","targetHints":{"allow":["GET"]}}],"collection":[{"href":"https:\/\/briganti.com.br\/reformatributaria\/wp-json\/wp\/v2\/pages"}],"about":[{"href":"https:\/\/briganti.com.br\/reformatributaria\/wp-json\/wp\/v2\/types\/page"}],"author":[{"embeddable":true,"href":"https:\/\/briganti.com.br\/reformatributaria\/wp-json\/wp\/v2\/users\/1"}],"replies":[{"embeddable":true,"href":"https:\/\/briganti.com.br\/reformatributaria\/wp-json\/wp\/v2\/comments?post=29282"}],"version-history":[{"count":74,"href":"https:\/\/briganti.com.br\/reformatributaria\/wp-json\/wp\/v2\/pages\/29282\/revisions"}],"predecessor-version":[{"id":30172,"href":"https:\/\/briganti.com.br\/reformatributaria\/wp-json\/wp\/v2\/pages\/29282\/revisions\/30172"}],"wp:attachment":[{"href":"https:\/\/briganti.com.br\/reformatributaria\/wp-json\/wp\/v2\/media?parent=29282"}],"curies":[{"name":"wp","href":"https:\/\/api.w.org\/{rel}","templated":true}]}}